{"id":470,"date":"2018-08-09T15:42:20","date_gmt":"2018-08-09T13:42:20","guid":{"rendered":"https:\/\/5DFCA66A-19F0-49A9-AEC1-6FCF4893C391"},"modified":"2020-06-23T13:22:36","modified_gmt":"2020-06-23T11:22:36","slug":"studio-legale","status":"publish","type":"page","link":"https:\/\/pricapartners.com\/it\/chi-siamo\/studio-legale\/","title":{"rendered":"Studio Legale"},"content":{"rendered":"<p>[et_pb_section bb_built=&#8217;1&#8242; _builder_version=&#8217;3.10.1&#8242; background_image=&#8217;https:\/\/pricapartners.com\/wp-content\/uploads\/2018\/08\/bgd-about-us.jpg&#8217; custom_padding=&#8217;||155px|&#8217; next_background_color=&#8217;#ffffff&#8217; module_class=&#8217;header-padding&#8217;][et_pb_row _builder_version=&#8217;3.0.48&#8242; background_size=&#8217;initial&#8217; background_position=&#8217;top_left&#8217; background_repeat=&#8217;repeat&#8217;][et_pb_column type=&#8217;4_4&#8242;][et_pb_text _builder_version=&#8217;3.10.1&#8242; text_font=&#8217;|600|||||||&#8217; text_text_color=&#8217;#195da6&#8242; text_font_size=&#8217;16px&#8217; custom_margin=&#8217;||20px|&#8217;]<\/p>\n<p>Ready For The Challenge<\/p>\n<p>[\/et_pb_text][et_pb_text admin_label=&#8217;Firm&#8217; _builder_version=&#8217;3.10.1&#8242; text_font=&#8217;|300|||||||&#8217; text_text_color=&#8217;#bad5f2&#8242; text_font_size=&#8217;60px&#8217;]<\/p>\n<p>Studio Legale<\/p>\n<p>[\/et_pb_text][\/et_pb_column][\/et_pb_row][et_pb_row _builder_version=&#8217;3.10.1&#8242; use_custom_width=&#8217;on&#8217; width_unit=&#8217;off&#8217; custom_width_percent=&#8217;100%&#8217;][et_pb_column type=&#8217;4_4&#8242;][et_pb_code admin_label=&#8217;Triangle&#8217; _builder_version=&#8217;3.10.1&#8242;]&lt;div class=&#8221;divider-bottom&#8221;&gt;&lt;!&#8211; [et_pb_line_break_holder] &#8211;&gt; &lt;div class=&#8221;inside-container&#8221;&gt;&lt;\/div&gt;&lt;!&#8211; [et_pb_line_break_holder] &#8211;&gt;&lt;\/div&gt;[\/et_pb_code][\/et_pb_column][\/et_pb_row][\/et_pb_section][et_pb_section bb_built=&#8217;1&#8242; _builder_version=&#8217;3.10.1&#8242; custom_padding=&#8217;40px||70px|&#8217; prev_background_color=&#8217;#000000&#8242;][et_pb_row _builder_version=&#8217;3.10.1&#8242; custom_margin=&#8217;||57px|&#8217;][et_pb_column type=&#8217;4_4&#8242;][et_pb_text admin_label=&#8217;Row Header&#8217; _builder_version=&#8217;3.10.1&#8242; header_3_text_align=&#8217;center&#8217; header_3_text_color=&#8217;#1b538f&#8217; header_3_font_size=&#8217;26px&#8217; custom_margin=&#8217;||15px|&#8217;]<\/p>\n<h3><strong>Migliori Servizi Legali nel Passato, Presente e Futuro<\/strong><\/h3>\n<p>[\/et_pb_text][et_pb_divider _builder_version=&#8217;3.10.1&#8242; color=&#8217;#448ad4&#8242; divider_weight=&#8217;3&#8242; max_width=&#8217;6%&#8217; module_alignment=&#8217;center&#8217; custom_margin=&#8217;||18px|&#8217; \/][et_pb_text _builder_version=&#8217;3.10.1&#8242; text_text_color=&#8217;#274c73&#8242; text_font_size=&#8217;16px&#8217; text_orientation=&#8217;center&#8217; max_width=&#8217;80%&#8217; module_alignment=&#8217;center&#8217;]<\/p>\n<p>Prica &#038; Partners \u00e8 top-ranked studio legale commerciale indipendente, con una delle pi\u00f9 lunghe tradizioni in Serbia e regione. Ampiamente considerato uno dei fornitori principali dei servizi legali commerciali, Prica &#038; Partners offre uno spettro dei servizi full-service e fornisce ai clienti competenze specialistiche relative a tutti i settori del diritto commerciale. Lo studio vanta di pi\u00f9 di venti specialisti di diritto ed \u00e8 organizzato come vero partenariato. Il nostro approccio consiste nel fornire profonda analisi professionale, servizio comprensivo del diritto commerciale e approccio integrato di squadra. Siamo dedicati ai nostri valori dell\u2019integrit\u00e0 professionale pi\u00f9 alta, fiducia e rispetto mutuale e creazione delle soluzioni business dirette e personalizzate per soddisfare le esigenze dei nostri clienti.<\/p>\n<p>[\/et_pb_text][\/et_pb_column][\/et_pb_row][et_pb_row background_position=&#8217;top_left&#8217; background_repeat=&#8217;repeat&#8217; background_size=&#8217;initial&#8217;][et_pb_column type=&#8217;4_4&#8242;][et_pb_text admin_label=&#8217;Row Header&#8217; _builder_version=&#8217;3.10.1&#8242; header_3_text_align=&#8217;center&#8217; header_3_text_color=&#8217;#1b538f&#8217; header_3_font_size=&#8217;26px&#8217; custom_margin=&#8217;||15px|&#8217;]<\/p>\n<h3><strong>Pi\u00f9 di 100 Anni di Esperienza in Discipline della Legge di Commercio<\/strong><\/h3>\n<p>[\/et_pb_text][et_pb_divider _builder_version=&#8217;3.10.1&#8242; color=&#8217;#448ad4&#8242; divider_weight=&#8217;3&#8242; max_width=&#8217;6%&#8217; module_alignment=&#8217;center&#8217; custom_margin=&#8217;||18px|&#8217; \/][et_pb_text _builder_version=&#8217;3.17.1&#8242; text_text_color=&#8217;#274c73&#8242; text_font_size=&#8217;16px&#8217; text_orientation=&#8217;center&#8217; max_width=&#8217;80%&#8217; module_alignment=&#8217;center&#8217;]<\/p>\n<p>La famiglia Prica guida la professione legale in Serbia e regione da pi\u00f9 di 100 anni. Lo studio legale attualmente noto come Prica &#038; Partners \u00e8 stato fondato nel 1900 da Dott.Ric. Ilija Prica a Zagabria. Pochi avvocati serbi hanno avuto un impatto pi\u00f9 marcato e duraturo sullo sviluppo della professione legale in Sebia e regione. Nel 1925 suo figlio, Dott.Ric. Bogdan Prica, ha esteso lo studio a Belgrado, dove \u00e8 stato succeduto da suo nipote Dott.Ric. Radoje Prica. Dott.Ric. Radoje Prica  ha avuto vasta esperienza in diritto di commercio e diritto societario, in settore bancario e finanziario, propriet\u00e0 intellettuale, investimenti esteri, contratti internazionali, privatizzazione, arbitrato internazionale ed era vastamente riconosciuto tra i clienti ed i colleghi  come principale \u201cautorit\u00e0 nazionale per la legge\u201d. Ha guidato il suo studio in numerose transazioni diventate punto di riferimento, impostando livello per lo sviluppo della professione legale moderna in Serbia. La sua dedizione all\u2019eccellenza, professionalismo e i suoi valori morali si riconoscono in sua vita personale e professionale.<\/p>\n<p>[\/et_pb_text][\/et_pb_column][\/et_pb_row][et_pb_row background_position=&#8217;top_left&#8217; background_repeat=&#8217;repeat&#8217; background_size=&#8217;initial&#8217;][et_pb_column type=&#8217;4_4&#8242;][et_pb_text admin_label=&#8217;Row Header&#8217; _builder_version=&#8217;3.17.1&#8242; header_3_text_align=&#8217;center&#8217; header_3_text_color=&#8217;#1b538f&#8217; header_3_font_size=&#8217;26px&#8217; custom_margin=&#8217;||15px|&#8217;]<\/p>\n<h3><strong>Sig. Ilija Prica, Dott.Ric.<\/strong><\/h3>\n<p>[\/et_pb_text][et_pb_divider _builder_version=&#8217;3.10.1&#8242; color=&#8217;#448ad4&#8242; divider_weight=&#8217;3&#8242; max_width=&#8217;6%&#8217; module_alignment=&#8217;center&#8217; custom_margin=&#8217;||18px|&#8217; \/][et_pb_text _builder_version=&#8217;3.17.1&#8242; text_text_color=&#8217;#274c73&#8242; text_font_size=&#8217;16px&#8217; text_orientation=&#8217;center&#8217; max_width=&#8217;80%&#8217; module_alignment=&#8217;center&#8217;]<\/p>\n<p>Il Sig. Ilija Prica, Dott.Ric., \u00e8 diventato membro dell&#8217;Ordine degli Avvocati il 28 marzo 1900; la sede del suo studio legale era a Zagabria. L&#8217;iscrizione \u00e8 terminata il 16 settembre 1935, a causa della sua scomparsa.<\/p>\n<p>[\/et_pb_text][et_pb_image _builder_version=&#8217;3.17.1&#8242; src=&#8217;https:\/\/pricapartners.com\/wp-content\/uploads\/2019\/03\/dr-ilija-prica-photo.jpg&#8217; max_width=&#8217;80%&#8217; max_width_tablet=&#8217;100%&#8217; max_width_last_edited=&#8217;on|desktop&#8217; module_alignment=&#8217;center&#8217; \/][et_pb_text admin_label=&#8217;Pdf&#8217; _builder_version=&#8217;3.17.1&#8242; text_orientation=&#8217;center&#8217;]<\/p>\n<p><a class=\"pdf-button\" href=\"\/wp-content\/uploads\/2019\/03\/dr-ilija-prica.pdf\" download=\"\">Ordine degli avvocati Zagabria<\/a><\/p>\n<p>[\/et_pb_text][\/et_pb_column][\/et_pb_row][et_pb_row _builder_version=&#8217;3.10.1&#8242; custom_padding=&#8217;||3px|&#8217;][et_pb_column type=&#8217;4_4&#8242;][et_pb_text admin_label=&#8217;Row Header&#8217; _builder_version=&#8217;3.10.1&#8242; header_3_text_align=&#8217;center&#8217; header_3_text_color=&#8217;#1b538f&#8217; header_3_font_size=&#8217;26px&#8217; custom_margin=&#8217;||15px|&#8217;]<\/p>\n<h3><strong>Prica &#038; Partners Oggi<\/strong><\/h3>\n<p>[\/et_pb_text][et_pb_divider _builder_version=&#8217;3.10.1&#8242; color=&#8217;#448ad4&#8242; divider_weight=&#8217;3&#8242; max_width=&#8217;6%&#8217; module_alignment=&#8217;center&#8217; custom_margin=&#8217;||18px|&#8217; \/][et_pb_text _builder_version=&#8217;3.10.1&#8242; text_text_color=&#8217;#274c73&#8242; text_font_size=&#8217;16px&#8217; text_orientation=&#8217;center&#8217; max_width=&#8217;80%&#8217; module_alignment=&#8217;center&#8217;]<\/p>\n<p>Dott.Ric. Radoje Prica \u00e8 stato raggiunto da suo figlio Mihajlo Prica, attuale socio dirigente, nel 1991.<\/p>\n<p>[\/et_pb_text][\/et_pb_column][\/et_pb_row][et_pb_row _builder_version=&#8217;3.10.1&#8242; custom_padding=&#8217;||14px|&#8217;][et_pb_column type=&#8217;4_4&#8242;][et_pb_image admin_label=&#8217;Quote image&#8217; _builder_version=&#8217;3.10.1&#8242; src=&#8217;https:\/\/pricapartners.com\/wp-content\/uploads\/2018\/08\/ico-quote.svg&#8217; align=&#8217;center&#8217; \/][et_pb_text admin_label=&#8217;Quote&#8217; _builder_version=&#8217;3.10.1&#8242; text_text_color=&#8217;#808080&#8242; text_font_size=&#8217;16px&#8217; text_orientation=&#8217;center&#8217; max_width=&#8217;70%&#8217; module_alignment=&#8217;center&#8217;]<\/p>\n<p>&#8221; Lo Studio Legale sta prosperando sotto la guida di Mihajlo Prica &#8221;<\/p>\n<p>[\/et_pb_text][et_pb_text admin_label=&#8217;Quoted&#8217; _builder_version=&#8217;3.10.1&#8242; text_font=&#8217;|600|||||||&#8217; text_text_color=&#8217;#6eadf0&#8242; text_font_size=&#8217;17px&#8217; text_orientation=&#8217;center&#8217;]<\/p>\n<p>Chambers Europe<\/p>\n<p>[\/et_pb_text][\/et_pb_column][\/et_pb_row][et_pb_row background_position=&#8217;top_left&#8217; background_repeat=&#8217;repeat&#8217; background_size=&#8217;initial&#8217;][et_pb_column type=&#8217;4_4&#8242;][et_pb_text _builder_version=&#8217;3.10.1&#8242; text_text_color=&#8217;#274c73&#8242; text_font_size=&#8217;16px&#8217; text_orientation=&#8217;center&#8217; max_width=&#8217;80%&#8217; module_alignment=&#8217;center&#8217; text_line_height=&#8217;1.55em&#8217;]<\/p>\n<p>Oggi, pi\u00f9 di 100 anni dopo che Dott.Ric. Ilija Prica ha fondato il suo studio legale, Prica &#038; Partners rimane lo studio principale del diritto commerciale specializzato in fornitura dei servizi legali alle compagnie multinazionali e organizzazioni finanziarie internazionali in tutte le aree del diritto commerciale. <\/p>\n<p>Il nostro team \u00e8 riconosciuto per la sua competenza e qualit\u00e0 costante in ricerca, analisi, elaborazione, sostegno in trattative, nonch\u00e9 in rappresentazione davanti al corte serbo e istituzioni arbitrali internazionali. <\/p>\n<p>Lo Studio \u00e8 costantemente premiato con il  top tier ranking negli elenchi principali del settore che elencano fornitori dei servizi legali, come The Legal 500, Chambers &#038; Partners, IFLR1000.<\/p>\n<p>Durante gli anni abbiamo mantenuto stretta relazione professionale con principali studi legali globali e internazionali attivi in nostro mercato, compresi Allen &#038; Overy, Baker McKenzie, Bird &#038; Bird, Cleary Gottlieb Steen &#038; Hamilton, Freshfields Bruckhaus Deringer, Jones Day, Linklaters, Shearman &#038; Sterling, White &#038; Case e molti altri, che ci rende la forza locale per imprese globali. <\/p>\n<p>Prica &#038; Partners possiede la copertura &#8211; Professional Indemnity Insurance (PII).<\/p>\n<p>[\/et_pb_text][\/et_pb_column][\/et_pb_row][\/et_pb_section]<\/p>\n","protected":false},"excerpt":{"rendered":"<p>[et_pb_section bb_built=&#8217;1&#8242; _builder_version=&#8217;3.10.1&#8242; background_image=&#8217;https:\/\/pricapartners.com\/wp-content\/uploads\/2018\/08\/bgd-about-us.jpg&#8217; custom_padding=&#8217;||155px|&#8217; next_background_color=&#8217;#ffffff&#8217; module_class=&#8217;header-padding&#8217;][et_pb_row _builder_version=&#8217;3.0.48&#8242; background_size=&#8217;initial&#8217; background_position=&#8217;top_left&#8217; background_repeat=&#8217;repeat&#8217;][et_pb_column type=&#8217;4_4&#8242;][et_pb_text _builder_version=&#8217;3.10.1&#8242; text_font=&#8217;|600|||||||&#8217; text_text_color=&#8217;#195da6&#8242; text_font_size=&#8217;16px&#8217; custom_margin=&#8217;||20px|&#8217;] Ready For The Challenge [\/et_pb_text][et_pb_text admin_label=&#8217;Firm&#8217; _builder_version=&#8217;3.10.1&#8242; text_font=&#8217;|300|||||||&#8217; text_text_color=&#8217;#bad5f2&#8242; text_font_size=&#8217;60px&#8217;] Studio Legale [\/et_pb_text][\/et_pb_column][\/et_pb_row][et_pb_row _builder_version=&#8217;3.10.1&#8242; use_custom_width=&#8217;on&#8217; width_unit=&#8217;off&#8217; custom_width_percent=&#8217;100%&#8217;][et_pb_column type=&#8217;4_4&#8242;][et_pb_code admin_label=&#8217;Triangle&#8217; _builder_version=&#8217;3.10.1&#8242;]&lt;div class=&#8221;divider-bottom&#8221;&gt;&lt;!&#8211; [et_pb_line_break_holder] &#8211;&gt; &lt;div class=&#8221;inside-container&#8221;&gt;&lt;\/div&gt;&lt;!&#8211; [et_pb_line_break_holder] &#8211;&gt;&lt;\/div&gt;[\/et_pb_code][\/et_pb_column][\/et_pb_row][\/et_pb_section][et_pb_section bb_built=&#8217;1&#8242; _builder_version=&#8217;3.10.1&#8242; custom_padding=&#8217;40px||70px|&#8217; prev_background_color=&#8217;#000000&#8242;][et_pb_row _builder_version=&#8217;3.10.1&#8242; custom_margin=&#8217;||57px|&#8217;][et_pb_column type=&#8217;4_4&#8242;][et_pb_text admin_label=&#8217;Row Header&#8217; _builder_version=&#8217;3.10.1&#8242; header_3_text_align=&#8217;center&#8217; [&hellip;]<\/p>\n","protected":false},"author":2,"featured_media":0,"parent":769,"menu_order":0,"comment_status":"closed","ping_status":"closed","template":"","meta":{"_et_pb_use_builder":"on","_et_pb_old_content":"","_et_gb_content_width":"","footnotes":""},"class_list":["post-470","page","type-page","status-publish","hentry"],"yoast_head":"<!-- This site is optimized with the Yoast SEO plugin v27.4 - https:\/\/yoast.com\/product\/yoast-seo-wordpress\/ -->\n<title>Studio Legale &#8211; Prica &amp; Partners<\/title>\n<meta name=\"robots\" content=\"index, follow, max-snippet:-1, max-image-preview:large, max-video-preview:-1\" \/>\n<link rel=\"canonical\" href=\"https:\/\/pricapartners.com\/about-us\/firm\/\" \/>\n<meta property=\"og:locale\" content=\"it_IT\" \/>\n<meta property=\"og:type\" content=\"article\" \/>\n<meta property=\"og:title\" content=\"Studio Legale &#8211; Prica &amp; Partners\" \/>\n<meta property=\"og:description\" content=\"[et_pb_section bb_built=&#8217;1&#8242; _builder_version=&#8217;3.10.1&#8242; background_image=&#8217;https:\/\/pricapartners.com\/wp-content\/uploads\/2018\/08\/bgd-about-us.jpg&#8217; custom_padding=&#8217;||155px|&#8217; next_background_color=&#8217;#ffffff&#8217; module_class=&#8217;header-padding&#8217;][et_pb_row _builder_version=&#8217;3.0.48&#8242; background_size=&#8217;initial&#8217; background_position=&#8217;top_left&#8217; background_repeat=&#8217;repeat&#8217;][et_pb_column type=&#8217;4_4&#8242;][et_pb_text _builder_version=&#8217;3.10.1&#8242; text_font=&#8217;|600|||||||&#8217; text_text_color=&#8217;#195da6&#8242; text_font_size=&#8217;16px&#8217; custom_margin=&#8217;||20px|&#8217;] Ready For The Challenge [\/et_pb_text][et_pb_text admin_label=&#8217;Firm&#8217; _builder_version=&#8217;3.10.1&#8242; text_font=&#8217;|300|||||||&#8217; text_text_color=&#8217;#bad5f2&#8242; text_font_size=&#8217;60px&#8217;] Studio Legale [\/et_pb_text][\/et_pb_column][\/et_pb_row][et_pb_row _builder_version=&#8217;3.10.1&#8242; use_custom_width=&#8217;on&#8217; width_unit=&#8217;off&#8217; custom_width_percent=&#8217;100%&#8217;][et_pb_column type=&#8217;4_4&#8242;][et_pb_code admin_label=&#8217;Triangle&#8217; _builder_version=&#8217;3.10.1&#8242;]&lt;div class=&#8221;divider-bottom&#8221;&gt;&lt;!&#8211; [et_pb_line_break_holder] &#8211;&gt; &lt;div class=&#8221;inside-container&#8221;&gt;&lt;\/div&gt;&lt;!&#8211; [et_pb_line_break_holder] &#8211;&gt;&lt;\/div&gt;[\/et_pb_code][\/et_pb_column][\/et_pb_row][\/et_pb_section][et_pb_section bb_built=&#8217;1&#8242; _builder_version=&#8217;3.10.1&#8242; custom_padding=&#8217;40px||70px|&#8217; prev_background_color=&#8217;#000000&#8242;][et_pb_row _builder_version=&#8217;3.10.1&#8242; custom_margin=&#8217;||57px|&#8217;][et_pb_column type=&#8217;4_4&#8242;][et_pb_text admin_label=&#8217;Row Header&#8217; _builder_version=&#8217;3.10.1&#8242; header_3_text_align=&#8217;center&#8217; [&hellip;]\" \/>\n<meta property=\"og:url\" content=\"https:\/\/pricapartners.com\/about-us\/firm\/\" \/>\n<meta property=\"og:site_name\" content=\"Prica &amp; Partners\" \/>\n<meta property=\"article:modified_time\" content=\"2020-06-23T11:22:36+00:00\" \/>\n<meta name=\"twitter:card\" content=\"summary_large_image\" \/>\n<meta name=\"twitter:label1\" content=\"Tempo di lettura stimato\" \/>\n\t<meta name=\"twitter:data1\" content=\"7 minuti\" \/>\n<script type=\"application\/ld+json\" class=\"yoast-schema-graph\">{\"@context\":\"https:\\\/\\\/schema.org\",\"@graph\":[{\"@type\":\"WebPage\",\"@id\":\"https:\\\/\\\/pricapartners.com\\\/about-us\\\/firm\\\/\",\"url\":\"https:\\\/\\\/pricapartners.com\\\/about-us\\\/firm\\\/\",\"name\":\"Studio Legale &#8211; Prica &amp; Partners\",\"isPartOf\":{\"@id\":\"https:\\\/\\\/pricapartners.com\\\/#website\"},\"datePublished\":\"2018-08-09T13:42:20+00:00\",\"dateModified\":\"2020-06-23T11:22:36+00:00\",\"breadcrumb\":{\"@id\":\"https:\\\/\\\/pricapartners.com\\\/about-us\\\/firm\\\/#breadcrumb\"},\"inLanguage\":\"it-IT\",\"potentialAction\":[{\"@type\":\"ReadAction\",\"target\":[\"https:\\\/\\\/pricapartners.com\\\/about-us\\\/firm\\\/\"]}]},{\"@type\":\"BreadcrumbList\",\"@id\":\"https:\\\/\\\/pricapartners.com\\\/about-us\\\/firm\\\/#breadcrumb\",\"itemListElement\":[{\"@type\":\"ListItem\",\"position\":1,\"name\":\"Home\",\"item\":\"https:\\\/\\\/pricapartners.com\\\/it\\\/\"},{\"@type\":\"ListItem\",\"position\":2,\"name\":\"Chi siamo\",\"item\":\"https:\\\/\\\/pricapartners.com\\\/it\\\/chi-siamo\\\/\"},{\"@type\":\"ListItem\",\"position\":3,\"name\":\"Studio Legale\"}]},{\"@type\":\"WebSite\",\"@id\":\"https:\\\/\\\/pricapartners.com\\\/#website\",\"url\":\"https:\\\/\\\/pricapartners.com\\\/\",\"name\":\"Prica &amp; Partners\",\"description\":\"Attorneys at Law\",\"potentialAction\":[{\"@type\":\"SearchAction\",\"target\":{\"@type\":\"EntryPoint\",\"urlTemplate\":\"https:\\\/\\\/pricapartners.com\\\/?s={search_term_string}\"},\"query-input\":{\"@type\":\"PropertyValueSpecification\",\"valueRequired\":true,\"valueName\":\"search_term_string\"}}],\"inLanguage\":\"it-IT\"}]}<\/script>\n<!-- \/ Yoast SEO plugin. -->","yoast_head_json":{"title":"Studio Legale &#8211; Prica &amp; Partners","robots":{"index":"index","follow":"follow","max-snippet":"max-snippet:-1","max-image-preview":"max-image-preview:large","max-video-preview":"max-video-preview:-1"},"canonical":"https:\/\/pricapartners.com\/about-us\/firm\/","og_locale":"it_IT","og_type":"article","og_title":"Studio Legale &#8211; Prica &amp; Partners","og_description":"[et_pb_section bb_built=&#8217;1&#8242; _builder_version=&#8217;3.10.1&#8242; background_image=&#8217;https:\/\/pricapartners.com\/wp-content\/uploads\/2018\/08\/bgd-about-us.jpg&#8217; custom_padding=&#8217;||155px|&#8217; next_background_color=&#8217;#ffffff&#8217; module_class=&#8217;header-padding&#8217;][et_pb_row _builder_version=&#8217;3.0.48&#8242; background_size=&#8217;initial&#8217; background_position=&#8217;top_left&#8217; background_repeat=&#8217;repeat&#8217;][et_pb_column type=&#8217;4_4&#8242;][et_pb_text _builder_version=&#8217;3.10.1&#8242; text_font=&#8217;|600|||||||&#8217; text_text_color=&#8217;#195da6&#8242; text_font_size=&#8217;16px&#8217; custom_margin=&#8217;||20px|&#8217;] Ready For The Challenge [\/et_pb_text][et_pb_text admin_label=&#8217;Firm&#8217; _builder_version=&#8217;3.10.1&#8242; text_font=&#8217;|300|||||||&#8217; text_text_color=&#8217;#bad5f2&#8242; text_font_size=&#8217;60px&#8217;] Studio Legale [\/et_pb_text][\/et_pb_column][\/et_pb_row][et_pb_row _builder_version=&#8217;3.10.1&#8242; use_custom_width=&#8217;on&#8217; width_unit=&#8217;off&#8217; custom_width_percent=&#8217;100%&#8217;][et_pb_column type=&#8217;4_4&#8242;][et_pb_code admin_label=&#8217;Triangle&#8217; _builder_version=&#8217;3.10.1&#8242;]&lt;div class=&#8221;divider-bottom&#8221;&gt;&lt;!&#8211; [et_pb_line_break_holder] &#8211;&gt; &lt;div class=&#8221;inside-container&#8221;&gt;&lt;\/div&gt;&lt;!&#8211; [et_pb_line_break_holder] &#8211;&gt;&lt;\/div&gt;[\/et_pb_code][\/et_pb_column][\/et_pb_row][\/et_pb_section][et_pb_section bb_built=&#8217;1&#8242; _builder_version=&#8217;3.10.1&#8242; custom_padding=&#8217;40px||70px|&#8217; prev_background_color=&#8217;#000000&#8242;][et_pb_row _builder_version=&#8217;3.10.1&#8242; custom_margin=&#8217;||57px|&#8217;][et_pb_column type=&#8217;4_4&#8242;][et_pb_text admin_label=&#8217;Row Header&#8217; _builder_version=&#8217;3.10.1&#8242; header_3_text_align=&#8217;center&#8217; [&hellip;]","og_url":"https:\/\/pricapartners.com\/about-us\/firm\/","og_site_name":"Prica &amp; Partners","article_modified_time":"2020-06-23T11:22:36+00:00","twitter_card":"summary_large_image","twitter_misc":{"Tempo di lettura stimato":"7 minuti"},"schema":{"@context":"https:\/\/schema.org","@graph":[{"@type":"WebPage","@id":"https:\/\/pricapartners.com\/about-us\/firm\/","url":"https:\/\/pricapartners.com\/about-us\/firm\/","name":"Studio Legale &#8211; Prica &amp; Partners","isPartOf":{"@id":"https:\/\/pricapartners.com\/#website"},"datePublished":"2018-08-09T13:42:20+00:00","dateModified":"2020-06-23T11:22:36+00:00","breadcrumb":{"@id":"https:\/\/pricapartners.com\/about-us\/firm\/#breadcrumb"},"inLanguage":"it-IT","potentialAction":[{"@type":"ReadAction","target":["https:\/\/pricapartners.com\/about-us\/firm\/"]}]},{"@type":"BreadcrumbList","@id":"https:\/\/pricapartners.com\/about-us\/firm\/#breadcrumb","itemListElement":[{"@type":"ListItem","position":1,"name":"Home","item":"https:\/\/pricapartners.com\/it\/"},{"@type":"ListItem","position":2,"name":"Chi siamo","item":"https:\/\/pricapartners.com\/it\/chi-siamo\/"},{"@type":"ListItem","position":3,"name":"Studio Legale"}]},{"@type":"WebSite","@id":"https:\/\/pricapartners.com\/#website","url":"https:\/\/pricapartners.com\/","name":"Prica &amp; Partners","description":"Attorneys at Law","potentialAction":[{"@type":"SearchAction","target":{"@type":"EntryPoint","urlTemplate":"https:\/\/pricapartners.com\/?s={search_term_string}"},"query-input":{"@type":"PropertyValueSpecification","valueRequired":true,"valueName":"search_term_string"}}],"inLanguage":"it-IT"}]}},"_links":{"self":[{"href":"https:\/\/pricapartners.com\/it\/wp-json\/wp\/v2\/pages\/470","targetHints":{"allow":["GET"]}}],"collection":[{"href":"https:\/\/pricapartners.com\/it\/wp-json\/wp\/v2\/pages"}],"about":[{"href":"https:\/\/pricapartners.com\/it\/wp-json\/wp\/v2\/types\/page"}],"author":[{"embeddable":true,"href":"https:\/\/pricapartners.com\/it\/wp-json\/wp\/v2\/users\/2"}],"replies":[{"embeddable":true,"href":"https:\/\/pricapartners.com\/it\/wp-json\/wp\/v2\/comments?post=470"}],"version-history":[{"count":0,"href":"https:\/\/pricapartners.com\/it\/wp-json\/wp\/v2\/pages\/470\/revisions"}],"up":[{"embeddable":true,"href":"https:\/\/pricapartners.com\/it\/wp-json\/wp\/v2\/pages\/769"}],"wp:attachment":[{"href":"https:\/\/pricapartners.com\/it\/wp-json\/wp\/v2\/media?parent=470"}],"curies":[{"name":"wp","href":"https:\/\/api.w.org\/{rel}","templated":true}]}}