{"id":270,"date":"2016-11-30T15:46:27","date_gmt":"2016-11-30T14:46:27","guid":{"rendered":"https:\/\/7C21053D-46ED-4184-8EC1-F4C983EE2F84"},"modified":"2020-06-23T13:09:06","modified_gmt":"2020-06-23T11:09:06","slug":"academia","status":"publish","type":"page","link":"https:\/\/pricapartners.com\/it\/academia\/","title":{"rendered":"Academia"},"content":{"rendered":"<p>[et_pb_section bb_built=&#8217;1&#8242; _builder_version=&#8217;3.10.1&#8242; background_image=&#8217;https:\/\/pricapartners.com\/wp-content\/uploads\/2018\/08\/bgd-ppa.jpg&#8217; custom_padding=&#8217;||155px|&#8217; next_background_color=&#8217;#ffffff&#8217; module_class=&#8217;header-padding&#8217;][et_pb_row _builder_version=&#8217;3.10.1&#8242; background_size=&#8217;initial&#8217; background_position=&#8217;top_left&#8217; background_repeat=&#8217;repeat&#8217;][et_pb_column type=&#8217;4_4&#8242;][et_pb_image _builder_version=&#8217;3.10.1&#8242; src=&#8217;https:\/\/pricapartners.com\/wp-content\/uploads\/2018\/08\/logo-header-2.png&#8217; custom_margin=&#8217;15px|||&#8217; \/][\/et_pb_column][\/et_pb_row][et_pb_row _builder_version=&#8217;3.10.1&#8242; use_custom_width=&#8217;on&#8217; width_unit=&#8217;off&#8217; custom_width_percent=&#8217;100%&#8217;][et_pb_column type=&#8217;4_4&#8242;][et_pb_code admin_label=&#8217;Triangle&#8217; _builder_version=&#8217;3.10.1&#8242;]&lt;div class=&#8221;divider-bottom&#8221;&gt;&lt;!&#8211; [et_pb_line_break_holder] &#8211;&gt; &lt;div class=&#8221;inside-container&#8221;&gt;&lt;\/div&gt;&lt;!&#8211; [et_pb_line_break_holder] &#8211;&gt;&lt;\/div&gt;[\/et_pb_code][\/et_pb_column][\/et_pb_row][\/et_pb_section][et_pb_section bb_built=&#8217;1&#8242; fullwidth=&#8217;off&#8217; specialty=&#8217;off&#8217; prev_background_color=&#8217;#000000&#8242; next_background_color=&#8217;#f1f7fd&#8217;][et_pb_row background_position=&#8217;top_left&#8217; background_repeat=&#8217;repeat&#8217; background_size=&#8217;initial&#8217; _builder_version=&#8217;3.10.1&#8242; custom_margin=&#8217;||10px|&#8217;][et_pb_column type=&#8217;4_4&#8242;][et_pb_text admin_label=&#8217;Header&#8217; _builder_version=&#8217;3.10.1&#8242; text_font=&#8217;|700|||||||&#8217; text_text_color=&#8217;#1b538f&#8217; text_font_size=&#8217;27px&#8217; text_orientation=&#8217;center&#8217;]<\/p>\n<p>P&#038;P Academia<\/p>\n<p>[\/et_pb_text][et_pb_divider _builder_version=&#8217;3.10.1&#8242; color=&#8217;#448ad4&#8242; divider_weight=&#8217;3&#8242; max_width=&#8217;7%&#8217; module_alignment=&#8217;center&#8217; \/][et_pb_text _builder_version=&#8217;3.10.1&#8242; text_text_color=&#8217;#274c73&#8242; text_font_size=&#8217;20px&#8217; text_orientation=&#8217;center&#8217; max_width=&#8217;80%&#8217; module_alignment=&#8217;center&#8217; text_line_height=&#8217;1.75em&#8217;]<\/p>\n<p>P&#038;P Academia ofre corsi di formazione nel campo di diritto aziendale, pensati per aiutare i nostri clienti a sviluppare le loro capacit\u00e0 interne del team legale, interpretare legislazione che cambia e affrontare le nuove sfide con il supporto del nostro team degli esperti altamente capaci. I nosti seminari sono disegnati a rafforzare i partecipanti per ricevere know-how e applicare indipendentenemente la legge per trovare le soluzioni business e legali ottimali. I partecipanti dei seminari profittano dalle rissorse pi\u00f9 ampie nelle quali possono trovare le risposte per le loro questioni legali. In tal modo possono rispondere appropriatamente al fast paced ambiente di business nel quale lavoriamo che cambia costantamente.<\/p>\n<p>[\/et_pb_text][\/et_pb_column][\/et_pb_row][et_pb_row _builder_version=&#8217;3.10.1&#8242; module_class_1=&#8217;academy-upcoming-seminars&#8217; module_class_2=&#8217;academy-past-seminars&#8217;][et_pb_column type=&#8217;1_2&#8242;][et_pb_image _builder_version=&#8217;3.10.1&#8242; src=&#8217;https:\/\/pricapartners.com\/wp-content\/uploads\/2018\/08\/ico-knowlage-blue.svg&#8217; align=&#8217;center&#8217; \/][et_pb_text admin_label=&#8217;Upcoming Seminars&#8217; _builder_version=&#8217;3.10.1&#8242; text_font=&#8217;|700|||||||&#8217; text_text_color=&#8217;#1b538f&#8217; text_font_size=&#8217;30px&#8217; text_orientation=&#8217;center&#8217;]<\/p>\n<p>SEMINARI FUTURI<\/p>\n<p>[\/et_pb_text][et_pb_divider _builder_version=&#8217;3.10.1&#8242; color=&#8217;#448ad4&#8242; divider_weight=&#8217;3&#8242; max_width=&#8217;12%&#8217; module_alignment=&#8217;center&#8217; \/][et_pb_text _builder_version=&#8217;3.10.1&#8242;]<\/p>\n\n\n\n<div id=\"wpv-view-layout-310\" class=\"js-wpv-view-layout js-wpv-layout-responsive js-wpv-view-layout-310\" data-viewnumber=\"310\" data-pagination=\"{&quot;id&quot;:310,&quot;query&quot;:&quot;normal&quot;,&quot;type&quot;:&quot;disabled&quot;,&quot;effect&quot;:&quot;fade&quot;,&quot;duration&quot;:500,&quot;speed&quot;:5,&quot;pause_on_hover&quot;:&quot;disabled&quot;,&quot;stop_rollover&quot;:&quot;false&quot;,&quot;cache_pages&quot;:&quot;enabled&quot;,&quot;preload_images&quot;:&quot;enabled&quot;,&quot;preload_pages&quot;:&quot;enabled&quot;,&quot;preload_reach&quot;:1,&quot;spinner&quot;:&quot;builtin&quot;,&quot;spinner_image&quot;:&quot;https:\/\/pricapartners.com\/wp-content\/plugins\/wp-views\/embedded\/res\/img\/ajax-loader.gif&quot;,&quot;callback_next&quot;:&quot;&quot;,&quot;manage_history&quot;:&quot;enabled&quot;,&quot;has_controls_in_form&quot;:&quot;disabled&quot;,&quot;infinite_tolerance&quot;:&quot;0&quot;,&quot;max_pages&quot;:1,&quot;page&quot;:1,&quot;base_permalink&quot;:&quot;\/it\/wp-json\/wp\/v2\/pages\/270?wpv_view_count=310&amp;wpv_paged=WPV_PAGE_NUM&quot;,&quot;loop&quot;:{&quot;type&quot;:&quot;&quot;,&quot;name&quot;:&quot;&quot;,&quot;data&quot;:[],&quot;id&quot;:0}}\" data-permalink=\"\/it\/wp-json\/wp\/v2\/pages\/270?wpv_view_count=310\">\n\n\t\n\t\n\t\t<p class=\"no-items-found\">No upcoming events<\/p>\n\t\n<\/div>\n\n<p>[\/et_pb_text][et_pb_button admin_label=&#8217;MORE&#8217; _builder_version=&#8217;3.10.1&#8242; button_text=&#8217;LEGGI DI PI\u00d9&#8217; button_alignment=&#8217;center&#8217; custom_button=&#8217;on&#8217; button_text_size=&#8217;18&#8217; button_text_color=&#8217;#1b538f&#8217; button_border_width=&#8217;3&#8242; button_border_color=&#8217;#1b538f&#8217; button_use_icon=&#8217;off&#8217; button_text_color_hover=&#8217;#ffffff&#8217; button_bg_color_hover=&#8217;#1b538f&#8217; custom_padding=&#8217;8px|45px|8px|45px&#8217; button_border_radius=&#8217;0&#8242; button_url=&#8217;https:\/\/www.pricapartners-academy.com\/seminari\/&#8217; url_new_window=&#8217;on&#8217; \/][\/et_pb_column][et_pb_column type=&#8217;1_2&#8242;][et_pb_image _builder_version=&#8217;3.10.1&#8242; src=&#8217;https:\/\/pricapartners.com\/wp-content\/uploads\/2018\/08\/ico-knowlage.svg&#8217; align=&#8217;center&#8217; \/][et_pb_text admin_label=&#8217;Past Seminars&#8217; _builder_version=&#8217;3.10.1&#8242; text_font=&#8217;|700|||||||&#8217; text_text_color=&#8217;#4d4d4d&#8217; text_font_size=&#8217;30px&#8217; text_orientation=&#8217;center&#8217;]<\/p>\n<p>SEMINARI PASSATI<\/p>\n<p>[\/et_pb_text][et_pb_divider _builder_version=&#8217;3.10.1&#8242; color=&#8217;#cccccc&#8217; divider_weight=&#8217;3&#8242; max_width=&#8217;12%&#8217; module_alignment=&#8217;center&#8217; \/][et_pb_text _builder_version=&#8217;3.10.1&#8242;]<\/p>\n\n\n\n<div id=\"wpv-view-layout-1079\" class=\"js-wpv-view-layout js-wpv-layout-responsive js-wpv-view-layout-1079\" data-viewnumber=\"1079\" data-pagination=\"{&quot;id&quot;:1079,&quot;query&quot;:&quot;normal&quot;,&quot;type&quot;:&quot;disabled&quot;,&quot;effect&quot;:&quot;fade&quot;,&quot;duration&quot;:500,&quot;speed&quot;:5,&quot;pause_on_hover&quot;:&quot;disabled&quot;,&quot;stop_rollover&quot;:&quot;false&quot;,&quot;cache_pages&quot;:&quot;enabled&quot;,&quot;preload_images&quot;:&quot;enabled&quot;,&quot;preload_pages&quot;:&quot;enabled&quot;,&quot;preload_reach&quot;:1,&quot;spinner&quot;:&quot;builtin&quot;,&quot;spinner_image&quot;:&quot;https:\/\/pricapartners.com\/wp-content\/plugins\/wp-views\/embedded\/res\/img\/ajax-loader.gif&quot;,&quot;callback_next&quot;:&quot;&quot;,&quot;manage_history&quot;:&quot;enabled&quot;,&quot;has_controls_in_form&quot;:&quot;disabled&quot;,&quot;infinite_tolerance&quot;:&quot;0&quot;,&quot;max_pages&quot;:1,&quot;page&quot;:1,&quot;base_permalink&quot;:&quot;\/it\/wp-json\/wp\/v2\/pages\/270?wpv_view_count=1079&amp;wpv_paged=WPV_PAGE_NUM&quot;,&quot;loop&quot;:{&quot;type&quot;:&quot;&quot;,&quot;name&quot;:&quot;&quot;,&quot;data&quot;:[],&quot;id&quot;:0}}\" data-permalink=\"\/it\/wp-json\/wp\/v2\/pages\/270?wpv_view_count=1079\">\n\n\t\n\t\n\t\n\t\t[et_pb_section bb_built=&#8217;1&#8242; _builder_version=&#8217;3.10.1&#8242; custom_padding=&#8217;0px||0px|&#8217;][et_pb_row _builder_version=&#8217;3.10.1&#8242; use_custom_width=&#8217;on&#8217; width_unit=&#8217;off&#8217; custom_width_percent=&#8217;100%&#8217; module_class=&#8217;custom-news&#8217;][et_pb_column type=&#8217;4_4&#8242;][et_pb_text _builder_version=&#8217;3.10.1&#8242;]\n\n<p class=\"title\"><a href=\"https:\/\/www.pricapartners-academy.com\/pravilno-oglasavanje-prodajnih-podsticaja-sta-je-dozvoljeno-a-sta-nije\/\" target=\"_blank\" rel=\"noopener\">Pravilno ogla\u0161avanje prodajnih podsticaja \u2013 \u0160ta je dozvoljeno a \u0161ta nije<\/a><\/p>\n<p class=\"custom-excerpt\">Reklamiranje odnosno ogla\u0161avanje je na\u010din da se privuku novi potro\u0161a\u010di, zadr\u017ee postoje\u0107i, kao i da se bude bolji od konkurencije. Ogla\u0161avanje i prava potro\u0161a\u010da regulisani su putem nekoliko zakona.<\/p>\n\n<p class=\"custom-date\">17.05.2018.<\/p>\n\n\n[\/et_pb_text][\/et_pb_column][\/et_pb_row][\/et_pb_section]\n\t\n\t\t[et_pb_section bb_built=&#8217;1&#8242; _builder_version=&#8217;3.10.1&#8242; custom_padding=&#8217;0px||0px|&#8217;][et_pb_row _builder_version=&#8217;3.10.1&#8242; use_custom_width=&#8217;on&#8217; width_unit=&#8217;off&#8217; custom_width_percent=&#8217;100%&#8217; module_class=&#8217;custom-news&#8217;][et_pb_column type=&#8217;4_4&#8242;][et_pb_text _builder_version=&#8217;3.10.1&#8242;]\n\n<p class=\"title\"><a href=\"https:\/\/www.pricapartners-academy.com\/nagradjivanje-zaposlenih-kupovinom-akcija-sa-popustom\/\" target=\"_blank\" rel=\"noopener\">Nagra\u0111ivanje zaposlenih kupovinom akcija sa popustom \u2013 primena planova o kupovini akcija u Srbiji<\/a><\/p>\n<p class=\"custom-excerpt\">Ovaj kurs Vam omogu\u0107ava da se bolje upoznate sa relativno novim konceptom nagra\u0111ivanja zaposlenih u Srbiji, a koji je kod nas sve popularniji \u2013 nagra\u0111ivanje zaposlenih putem kupovine akcija sa popustom.<\/p>\n\n<p class=\"custom-date\">04.04.2018.<\/p>\n\n\n[\/et_pb_text][\/et_pb_column][\/et_pb_row][\/et_pb_section]\n\t\n\t\n\t\n\t\n<\/div>\n\n<p>[\/et_pb_text][et_pb_button admin_label=&#8217;MORE&#8217; _builder_version=&#8217;3.10.1&#8242; button_text=&#8217;LEGGI DI PI\u00d9&#8217; button_alignment=&#8217;center&#8217; custom_button=&#8217;on&#8217; button_text_size=&#8217;18&#8217; button_text_color=&#8217;#999999&#8242; button_border_width=&#8217;3&#8242; button_border_color=&#8217;#999999&#8242; button_use_icon=&#8217;off&#8217; button_text_color_hover=&#8217;#ffffff&#8217; button_bg_color_hover=&#8217;#999999&#8242; custom_padding=&#8217;8px|45px|8px|45px&#8217; button_border_radius=&#8217;0&#8242; button_url=&#8217;https:\/\/www.pricapartners-academy.com\/seminari\/&#8217; url_new_window=&#8217;on&#8217; \/][\/et_pb_column][\/et_pb_row][\/et_pb_section][et_pb_section bb_built=&#8217;1&#8242; specialty=&#8217;off&#8217; prev_background_color=&#8217;#ffffff&#8217; _builder_version=&#8217;3.10.1&#8242; background_color=&#8217;#f1f7fd&#8217; custom_padding=&#8217;180px|||&#8217; top_divider_style=&#8217;slant&#8217; top_divider_color=&#8217;#ffffff&#8217; top_divider_height=&#8217;120px&#8217; module_id=&#8217;academy-page-detect&#8217; top_divider_flip=&#8217;horizontal&#8217;][et_pb_row background_position=&#8217;top_left&#8217; background_repeat=&#8217;repeat&#8217; background_size=&#8217;initial&#8217;][et_pb_column type=&#8217;4_4&#8242;][et_pb_image admin_label=&#8217;Logo&#8217; _builder_version=&#8217;3.10.1&#8242; src=&#8217;https:\/\/pricapartners.com\/wp-content\/uploads\/2018\/08\/logo-contetnt.png&#8217; align=&#8217;center&#8217; custom_margin=&#8217;||105px|&#8217; \/][et_pb_button admin_label=&#8217;LEARN MORE&#8217; _builder_version=&#8217;3.10.1&#8242; button_text=&#8217;SCOPRI DI PI\u00d9&#8217; button_alignment=&#8217;center&#8217; custom_button=&#8217;on&#8217; button_text_size=&#8217;18&#8217; button_text_color=&#8217;#1b538f&#8217; button_border_width=&#8217;3&#8242; button_border_color=&#8217;#1b538f&#8217; button_use_icon=&#8217;off&#8217; button_bg_color_hover=&#8217;#1b538f&#8217; button_text_color_hover=&#8217;#f1f7fd&#8217; custom_padding=&#8217;8px|45px|8px|45px&#8217; custom_css_main_element=&#8217;font-weight: 600;&#8217; button_url=&#8217;https:\/\/www.pricapartners-academy.com\/&#8217; url_new_window=&#8217;on&#8217; button_border_radius=&#8217;0&#8242; \/][\/et_pb_column][\/et_pb_row][\/et_pb_section]<\/p>\n","protected":false},"excerpt":{"rendered":"<p>[et_pb_section bb_built=&#8217;1&#8242; _builder_version=&#8217;3.10.1&#8242; background_image=&#8217;https:\/\/pricapartners.com\/wp-content\/uploads\/2018\/08\/bgd-ppa.jpg&#8217; custom_padding=&#8217;||155px|&#8217; next_background_color=&#8217;#ffffff&#8217; module_class=&#8217;header-padding&#8217;][et_pb_row _builder_version=&#8217;3.10.1&#8242; background_size=&#8217;initial&#8217; background_position=&#8217;top_left&#8217; background_repeat=&#8217;repeat&#8217;][et_pb_column type=&#8217;4_4&#8242;][et_pb_image _builder_version=&#8217;3.10.1&#8242; src=&#8217;https:\/\/pricapartners.com\/wp-content\/uploads\/2018\/08\/logo-header-2.png&#8217; custom_margin=&#8217;15px|||&#8217; \/][\/et_pb_column][\/et_pb_row][et_pb_row _builder_version=&#8217;3.10.1&#8242; use_custom_width=&#8217;on&#8217; width_unit=&#8217;off&#8217; custom_width_percent=&#8217;100%&#8217;][et_pb_column type=&#8217;4_4&#8242;][et_pb_code admin_label=&#8217;Triangle&#8217; _builder_version=&#8217;3.10.1&#8242;]&lt;div class=&#8221;divider-bottom&#8221;&gt;&lt;!&#8211; [et_pb_line_break_holder] &#8211;&gt; &lt;div class=&#8221;inside-container&#8221;&gt;&lt;\/div&gt;&lt;!&#8211; [et_pb_line_break_holder] &#8211;&gt;&lt;\/div&gt;[\/et_pb_code][\/et_pb_column][\/et_pb_row][\/et_pb_section][et_pb_section bb_built=&#8217;1&#8242; fullwidth=&#8217;off&#8217; specialty=&#8217;off&#8217; prev_background_color=&#8217;#000000&#8242; next_background_color=&#8217;#f1f7fd&#8217;][et_pb_row background_position=&#8217;top_left&#8217; background_repeat=&#8217;repeat&#8217; background_size=&#8217;initial&#8217; _builder_version=&#8217;3.10.1&#8242; custom_margin=&#8217;||10px|&#8217;][et_pb_column type=&#8217;4_4&#8242;][et_pb_text admin_label=&#8217;Header&#8217; _builder_version=&#8217;3.10.1&#8242; text_font=&#8217;|700|||||||&#8217; text_text_color=&#8217;#1b538f&#8217; text_font_size=&#8217;27px&#8217; text_orientation=&#8217;center&#8217;] P&#038;P Academia [\/et_pb_text][et_pb_divider _builder_version=&#8217;3.10.1&#8242; color=&#8217;#448ad4&#8242; divider_weight=&#8217;3&#8242; max_width=&#8217;7%&#8217; module_alignment=&#8217;center&#8217; [&hellip;]<\/p>\n","protected":false},"author":2,"featured_media":0,"parent":0,"menu_order":0,"comment_status":"closed","ping_status":"closed","template":"","meta":{"_et_pb_use_builder":"on","_et_pb_old_content":"","_et_gb_content_width":"","footnotes":""},"class_list":["post-270","page","type-page","status-publish","hentry"],"yoast_head":"<!-- This site is optimized with the Yoast SEO plugin v27.3 - https:\/\/yoast.com\/product\/yoast-seo-wordpress\/ -->\n<title>Academia &#8211; Prica &amp; Partners<\/title>\n<meta name=\"robots\" content=\"index, follow, max-snippet:-1, max-image-preview:large, max-video-preview:-1\" \/>\n<link rel=\"canonical\" href=\"https:\/\/pricapartners.com\/academy\/\" \/>\n<meta property=\"og:locale\" content=\"it_IT\" \/>\n<meta property=\"og:type\" content=\"article\" \/>\n<meta property=\"og:title\" content=\"Academia &#8211; Prica &amp; Partners\" \/>\n<meta property=\"og:description\" content=\"[et_pb_section bb_built=&#8217;1&#8242; _builder_version=&#8217;3.10.1&#8242; background_image=&#8217;https:\/\/pricapartners.com\/wp-content\/uploads\/2018\/08\/bgd-ppa.jpg&#8217; custom_padding=&#8217;||155px|&#8217; next_background_color=&#8217;#ffffff&#8217; module_class=&#8217;header-padding&#8217;][et_pb_row _builder_version=&#8217;3.10.1&#8242; background_size=&#8217;initial&#8217; background_position=&#8217;top_left&#8217; background_repeat=&#8217;repeat&#8217;][et_pb_column type=&#8217;4_4&#8242;][et_pb_image _builder_version=&#8217;3.10.1&#8242; src=&#8217;https:\/\/pricapartners.com\/wp-content\/uploads\/2018\/08\/logo-header-2.png&#8217; custom_margin=&#8217;15px|||&#8217; \/][\/et_pb_column][\/et_pb_row][et_pb_row _builder_version=&#8217;3.10.1&#8242; use_custom_width=&#8217;on&#8217; width_unit=&#8217;off&#8217; custom_width_percent=&#8217;100%&#8217;][et_pb_column type=&#8217;4_4&#8242;][et_pb_code admin_label=&#8217;Triangle&#8217; _builder_version=&#8217;3.10.1&#8242;]&lt;div class=&#8221;divider-bottom&#8221;&gt;&lt;!&#8211; [et_pb_line_break_holder] &#8211;&gt; &lt;div class=&#8221;inside-container&#8221;&gt;&lt;\/div&gt;&lt;!&#8211; [et_pb_line_break_holder] &#8211;&gt;&lt;\/div&gt;[\/et_pb_code][\/et_pb_column][\/et_pb_row][\/et_pb_section][et_pb_section bb_built=&#8217;1&#8242; fullwidth=&#8217;off&#8217; specialty=&#8217;off&#8217; prev_background_color=&#8217;#000000&#8242; next_background_color=&#8217;#f1f7fd&#8217;][et_pb_row background_position=&#8217;top_left&#8217; background_repeat=&#8217;repeat&#8217; background_size=&#8217;initial&#8217; _builder_version=&#8217;3.10.1&#8242; custom_margin=&#8217;||10px|&#8217;][et_pb_column type=&#8217;4_4&#8242;][et_pb_text admin_label=&#8217;Header&#8217; _builder_version=&#8217;3.10.1&#8242; text_font=&#8217;|700|||||||&#8217; text_text_color=&#8217;#1b538f&#8217; text_font_size=&#8217;27px&#8217; text_orientation=&#8217;center&#8217;] P&#038;P Academia [\/et_pb_text][et_pb_divider _builder_version=&#8217;3.10.1&#8242; color=&#8217;#448ad4&#8242; divider_weight=&#8217;3&#8242; max_width=&#8217;7%&#8217; module_alignment=&#8217;center&#8217; [&hellip;]\" \/>\n<meta property=\"og:url\" content=\"https:\/\/pricapartners.com\/academy\/\" \/>\n<meta property=\"og:site_name\" content=\"Prica &amp; Partners\" \/>\n<meta property=\"article:modified_time\" content=\"2020-06-23T11:09:06+00:00\" \/>\n<meta name=\"twitter:card\" content=\"summary_large_image\" \/>\n<meta name=\"twitter:label1\" content=\"Tempo di lettura stimato\" \/>\n\t<meta name=\"twitter:data1\" content=\"5 minuti\" \/>\n<script type=\"application\/ld+json\" class=\"yoast-schema-graph\">{\"@context\":\"https:\\\/\\\/schema.org\",\"@graph\":[{\"@type\":\"WebPage\",\"@id\":\"https:\\\/\\\/pricapartners.com\\\/academy\\\/\",\"url\":\"https:\\\/\\\/pricapartners.com\\\/academy\\\/\",\"name\":\"Academia &#8211; Prica &amp; Partners\",\"isPartOf\":{\"@id\":\"https:\\\/\\\/pricapartners.com\\\/#website\"},\"datePublished\":\"2016-11-30T14:46:27+00:00\",\"dateModified\":\"2020-06-23T11:09:06+00:00\",\"breadcrumb\":{\"@id\":\"https:\\\/\\\/pricapartners.com\\\/academy\\\/#breadcrumb\"},\"inLanguage\":\"it-IT\",\"potentialAction\":[{\"@type\":\"ReadAction\",\"target\":[\"https:\\\/\\\/pricapartners.com\\\/academy\\\/\"]}]},{\"@type\":\"BreadcrumbList\",\"@id\":\"https:\\\/\\\/pricapartners.com\\\/academy\\\/#breadcrumb\",\"itemListElement\":[{\"@type\":\"ListItem\",\"position\":1,\"name\":\"Home\",\"item\":\"https:\\\/\\\/pricapartners.com\\\/it\\\/\"},{\"@type\":\"ListItem\",\"position\":2,\"name\":\"Academia\"}]},{\"@type\":\"WebSite\",\"@id\":\"https:\\\/\\\/pricapartners.com\\\/#website\",\"url\":\"https:\\\/\\\/pricapartners.com\\\/\",\"name\":\"Prica &amp; Partners\",\"description\":\"Attorneys at Law\",\"potentialAction\":[{\"@type\":\"SearchAction\",\"target\":{\"@type\":\"EntryPoint\",\"urlTemplate\":\"https:\\\/\\\/pricapartners.com\\\/?s={search_term_string}\"},\"query-input\":{\"@type\":\"PropertyValueSpecification\",\"valueRequired\":true,\"valueName\":\"search_term_string\"}}],\"inLanguage\":\"it-IT\"}]}<\/script>\n<!-- \/ Yoast SEO plugin. -->","yoast_head_json":{"title":"Academia &#8211; Prica &amp; Partners","robots":{"index":"index","follow":"follow","max-snippet":"max-snippet:-1","max-image-preview":"max-image-preview:large","max-video-preview":"max-video-preview:-1"},"canonical":"https:\/\/pricapartners.com\/academy\/","og_locale":"it_IT","og_type":"article","og_title":"Academia &#8211; Prica &amp; Partners","og_description":"[et_pb_section bb_built=&#8217;1&#8242; _builder_version=&#8217;3.10.1&#8242; background_image=&#8217;https:\/\/pricapartners.com\/wp-content\/uploads\/2018\/08\/bgd-ppa.jpg&#8217; custom_padding=&#8217;||155px|&#8217; next_background_color=&#8217;#ffffff&#8217; module_class=&#8217;header-padding&#8217;][et_pb_row _builder_version=&#8217;3.10.1&#8242; background_size=&#8217;initial&#8217; background_position=&#8217;top_left&#8217; background_repeat=&#8217;repeat&#8217;][et_pb_column type=&#8217;4_4&#8242;][et_pb_image _builder_version=&#8217;3.10.1&#8242; src=&#8217;https:\/\/pricapartners.com\/wp-content\/uploads\/2018\/08\/logo-header-2.png&#8217; custom_margin=&#8217;15px|||&#8217; \/][\/et_pb_column][\/et_pb_row][et_pb_row _builder_version=&#8217;3.10.1&#8242; use_custom_width=&#8217;on&#8217; width_unit=&#8217;off&#8217; custom_width_percent=&#8217;100%&#8217;][et_pb_column type=&#8217;4_4&#8242;][et_pb_code admin_label=&#8217;Triangle&#8217; _builder_version=&#8217;3.10.1&#8242;]&lt;div class=&#8221;divider-bottom&#8221;&gt;&lt;!&#8211; [et_pb_line_break_holder] &#8211;&gt; &lt;div class=&#8221;inside-container&#8221;&gt;&lt;\/div&gt;&lt;!&#8211; [et_pb_line_break_holder] &#8211;&gt;&lt;\/div&gt;[\/et_pb_code][\/et_pb_column][\/et_pb_row][\/et_pb_section][et_pb_section bb_built=&#8217;1&#8242; fullwidth=&#8217;off&#8217; specialty=&#8217;off&#8217; prev_background_color=&#8217;#000000&#8242; next_background_color=&#8217;#f1f7fd&#8217;][et_pb_row background_position=&#8217;top_left&#8217; background_repeat=&#8217;repeat&#8217; background_size=&#8217;initial&#8217; _builder_version=&#8217;3.10.1&#8242; custom_margin=&#8217;||10px|&#8217;][et_pb_column type=&#8217;4_4&#8242;][et_pb_text admin_label=&#8217;Header&#8217; _builder_version=&#8217;3.10.1&#8242; text_font=&#8217;|700|||||||&#8217; text_text_color=&#8217;#1b538f&#8217; text_font_size=&#8217;27px&#8217; text_orientation=&#8217;center&#8217;] P&#038;P Academia [\/et_pb_text][et_pb_divider _builder_version=&#8217;3.10.1&#8242; color=&#8217;#448ad4&#8242; divider_weight=&#8217;3&#8242; max_width=&#8217;7%&#8217; module_alignment=&#8217;center&#8217; [&hellip;]","og_url":"https:\/\/pricapartners.com\/academy\/","og_site_name":"Prica &amp; Partners","article_modified_time":"2020-06-23T11:09:06+00:00","twitter_card":"summary_large_image","twitter_misc":{"Tempo di lettura stimato":"5 minuti"},"schema":{"@context":"https:\/\/schema.org","@graph":[{"@type":"WebPage","@id":"https:\/\/pricapartners.com\/academy\/","url":"https:\/\/pricapartners.com\/academy\/","name":"Academia &#8211; Prica &amp; Partners","isPartOf":{"@id":"https:\/\/pricapartners.com\/#website"},"datePublished":"2016-11-30T14:46:27+00:00","dateModified":"2020-06-23T11:09:06+00:00","breadcrumb":{"@id":"https:\/\/pricapartners.com\/academy\/#breadcrumb"},"inLanguage":"it-IT","potentialAction":[{"@type":"ReadAction","target":["https:\/\/pricapartners.com\/academy\/"]}]},{"@type":"BreadcrumbList","@id":"https:\/\/pricapartners.com\/academy\/#breadcrumb","itemListElement":[{"@type":"ListItem","position":1,"name":"Home","item":"https:\/\/pricapartners.com\/it\/"},{"@type":"ListItem","position":2,"name":"Academia"}]},{"@type":"WebSite","@id":"https:\/\/pricapartners.com\/#website","url":"https:\/\/pricapartners.com\/","name":"Prica &amp; Partners","description":"Attorneys at Law","potentialAction":[{"@type":"SearchAction","target":{"@type":"EntryPoint","urlTemplate":"https:\/\/pricapartners.com\/?s={search_term_string}"},"query-input":{"@type":"PropertyValueSpecification","valueRequired":true,"valueName":"search_term_string"}}],"inLanguage":"it-IT"}]}},"_links":{"self":[{"href":"https:\/\/pricapartners.com\/it\/wp-json\/wp\/v2\/pages\/270","targetHints":{"allow":["GET"]}}],"collection":[{"href":"https:\/\/pricapartners.com\/it\/wp-json\/wp\/v2\/pages"}],"about":[{"href":"https:\/\/pricapartners.com\/it\/wp-json\/wp\/v2\/types\/page"}],"author":[{"embeddable":true,"href":"https:\/\/pricapartners.com\/it\/wp-json\/wp\/v2\/users\/2"}],"replies":[{"embeddable":true,"href":"https:\/\/pricapartners.com\/it\/wp-json\/wp\/v2\/comments?post=270"}],"version-history":[{"count":0,"href":"https:\/\/pricapartners.com\/it\/wp-json\/wp\/v2\/pages\/270\/revisions"}],"wp:attachment":[{"href":"https:\/\/pricapartners.com\/it\/wp-json\/wp\/v2\/media?parent=270"}],"curies":[{"name":"wp","href":"https:\/\/api.w.org\/{rel}","templated":true}]}}