{"id":1569,"date":"2018-08-16T15:00:59","date_gmt":"2018-08-16T13:00:59","guid":{"rendered":"https:\/\/96BB93F0-92E4-4390-8AF0-E89D97B62542"},"modified":"2020-07-02T13:56:29","modified_gmt":"2020-07-02T11:56:29","slug":"responsabilita-sociale","status":"publish","type":"page","link":"https:\/\/pricapartners.com\/it\/chi-siamo\/responsabilita-sociale\/","title":{"rendered":"Responsabilit\u00e0 Sociale"},"content":{"rendered":"<p>[et_pb_section bb_built=&#8217;1&#8242; _builder_version=&#8217;3.10.1&#8242; background_image=&#8217;https:\/\/pricapartners.com\/wp-content\/uploads\/2018\/08\/bgd-about-us.jpg&#8217; custom_padding=&#8217;||155px|&#8217; next_background_color=&#8217;#ffffff&#8217; module_class=&#8217;header-padding&#8217;][et_pb_row _builder_version=&#8217;3.0.48&#8242; background_size=&#8217;initial&#8217; background_position=&#8217;top_left&#8217; background_repeat=&#8217;repeat&#8217;][et_pb_column type=&#8217;4_4&#8242;][et_pb_text _builder_version=&#8217;3.10.1&#8242; text_font=&#8217;|600|||||||&#8217; text_text_color=&#8217;#195da6&#8242; text_font_size=&#8217;16px&#8217; custom_margin=&#8217;||20px|&#8217;]<\/p>\n<p>Ready For The Challenge<\/p>\n<p>[\/et_pb_text][et_pb_text admin_label=&#8217;Social Responsibility&#8217; _builder_version=&#8217;3.17.1&#8242; text_font=&#8217;|300|||||||&#8217; text_text_color=&#8217;#bad5f2&#8242; text_font_size=&#8217;60px&#8217; text_font_size_tablet=&#8217;40px&#8217; text_font_size_last_edited=&#8217;on|tablet&#8217;]<\/p>\n<p>Responsabilit\u00e0 Sociale<\/p>\n<p>[\/et_pb_text][\/et_pb_column][\/et_pb_row][et_pb_row _builder_version=&#8217;3.10.1&#8242; use_custom_width=&#8217;on&#8217; width_unit=&#8217;off&#8217; custom_width_percent=&#8217;100%&#8217;][et_pb_column type=&#8217;4_4&#8242;][et_pb_code admin_label=&#8217;Triangle&#8217; _builder_version=&#8217;3.10.1&#8242;]&lt;div class=&#8221;divider-bottom&#8221;&gt;&lt;!&#8211; [et_pb_line_break_holder] &#8211;&gt; &lt;div class=&#8221;inside-container&#8221;&gt;&lt;\/div&gt;&lt;!&#8211; [et_pb_line_break_holder] &#8211;&gt;&lt;\/div&gt;[\/et_pb_code][\/et_pb_column][\/et_pb_row][\/et_pb_section][et_pb_section bb_built=&#8217;1&#8242; _builder_version=&#8217;3.10.1&#8242; custom_padding=&#8217;40px||70px|&#8217; prev_background_color=&#8217;#000000&#8242;][et_pb_row background_position=&#8217;top_left&#8217; background_repeat=&#8217;repeat&#8217; background_size=&#8217;initial&#8217;][et_pb_column type=&#8217;4_4&#8242;][et_pb_text _builder_version=&#8217;3.10.1&#8242; text_text_color=&#8217;#274c73&#8242; text_font_size=&#8217;16px&#8217; text_orientation=&#8217;center&#8217; max_width=&#8217;80%&#8217; module_alignment=&#8217;center&#8217; text_line_height=&#8217;1.6em&#8217;]<\/p>\n<p>Nello studio legale Prica &amp; Partners facciamo forte impegno per aggire in maniera professionale, responsabile ed etico in tutto ci\u00f2 che facciamo. Siamo impegnati a sostenere gli standard pi\u00f9 alti in comunit\u00e0 giuridica. Dal lavoro giuridico pro bono, al sostegno dell\u2019insegnamento in campo giuridico per restituire alla communit\u00e0, siamo devoti a fare l\u2019impatto nella nostra societ\u00e0.<\/p>\n<div id=\"gtx-trans\" style=\"position: absolute; left: 79px; top: 122px;\">\n<div class=\"gtx-trans-icon\"><\/div>\n<\/div>\n<p>[\/et_pb_text][\/et_pb_column][\/et_pb_row][et_pb_row _builder_version=&#8217;3.10.1&#8242; custom_margin=&#8217;||57px|&#8217;][et_pb_column type=&#8217;4_4&#8242;][et_pb_text admin_label=&#8217;Row Header&#8217; _builder_version=&#8217;3.10.1&#8242; header_3_text_align=&#8217;center&#8217; header_3_text_color=&#8217;#1b538f&#8217; header_3_font_size=&#8217;26px&#8217; custom_margin=&#8217;||15px|&#8217;]<\/p>\n<h3><strong>Supporto dell\u2019insegnamento in campo giuridico<\/strong><\/h3>\n<p>[\/et_pb_text][et_pb_divider _builder_version=&#8217;3.10.1&#8242; color=&#8217;#448ad4&#8242; divider_weight=&#8217;3&#8242; max_width=&#8217;6%&#8217; module_alignment=&#8217;center&#8217; custom_margin=&#8217;||18px|&#8217; \/][et_pb_text _builder_version=&#8217;3.10.1&#8242; text_text_color=&#8217;#274c73&#8242; text_font_size=&#8217;16px&#8217; text_orientation=&#8217;center&#8217; max_width=&#8217;80%&#8217; module_alignment=&#8217;center&#8217;]<\/p>\n<p>Molte di nostre iniziative fondamentali di RSI (Responsabilit\u00e0 Sociale delle Imprese) si concentrano sulla formazione di \u201cwould-be\u201d avvocati e communit\u00e0 del diritto commerciale. In ottobre del 2016, abbiamo inaugurato accademia <a href=\"http:\/\/www.pricapartners-academy.com\/\" target=\"_blank\" rel=\"noopener noreferrer\">PRICA &amp; PARTNERS ACADEMY<\/a>, che offre concisamente disegnati \u201cin-house\u201d corsi di formazione alla communit\u00e0 del diritto commerciale per aiutare ai membri indipendenti di ottenere ulteriori \u201cknow-how\u201d e raggiungere soluzioni legali ottimali al fine di evitare possibili processi costosi e a lunga portata.<\/p>\n<p>Supportiamo e partecipiamo alle varie iniziative organizzate da Camera di Commercio Serba su di applicazione pratica di legislazione in affari.<\/p>\n<p>Supportiamo regolarmente iniziative di Universit\u00e0 di Belgrado, Facolt\u00e0 di Giurisprudenza. Supportiamo la loro competizione annuale pre-moot e conferenza, oltre ad altri programmi.<\/p>\n<p>[\/et_pb_text][\/et_pb_column][\/et_pb_row][et_pb_row background_position=&#8217;top_left&#8217; background_repeat=&#8217;repeat&#8217; background_size=&#8217;initial&#8217;][et_pb_column type=&#8217;4_4&#8242;][et_pb_text admin_label=&#8217;Row Header&#8217; _builder_version=&#8217;3.10.1&#8242; header_3_text_align=&#8217;center&#8217; header_3_text_color=&#8217;#1b538f&#8217; header_3_font_size=&#8217;26px&#8217; custom_margin=&#8217;||15px|&#8217;]<\/p>\n<h3><strong>Lavoro Responsabile<\/strong><\/h3>\n<p>[\/et_pb_text][et_pb_divider _builder_version=&#8217;3.10.1&#8242; color=&#8217;#448ad4&#8242; divider_weight=&#8217;3&#8242; max_width=&#8217;6%&#8217; module_alignment=&#8217;center&#8217; custom_margin=&#8217;||18px|&#8217; \/][et_pb_text _builder_version=&#8217;3.10.1&#8242; text_text_color=&#8217;#274c73&#8242; text_font_size=&#8217;16px&#8217; text_orientation=&#8217;center&#8217; max_width=&#8217;80%&#8217; module_alignment=&#8217;center&#8217;]<\/p>\n<p>Prendiamo particolare cura di nostro lavoro, ambiente sociale e naturale, il che rappresenta impegno a lungo termine in interesse non solo del nostro studio legale, ma anche dell\u2019economia e communit\u00e0 pi\u00f9 ampia. Come parte del nostro impegno per un lavoro responsabile abbiamo identificato come le parti ugualmente importanti le aree dove implementiamo seguenti standard:<\/p>\n<p class=\"about-us-list-header\"><strong>Governo societario<\/strong><\/p>\n<ul class=\"about-us-list\">\n<li>procedure trasparenti per selezione di impiegati<\/li>\n<li>dati pubblicamente disponibili sulla struttura dell\u2019assetto proprietario dello studio legale<\/li>\n<li>rapporti finanziari pubblicamente disponibili<\/li>\n<\/ul>\n<p class=\"about-us-list-header\"><strong>Mercato<\/strong><\/p>\n<ul class=\"about-us-list\">\n<li>informazione comprensiva disponibile in relazione ai servizi e preocedure applicabili<\/li>\n<li>procedure speciali relative a ricorsi<\/li>\n<\/ul>\n<p class=\"about-us-list-header\"><strong>Ambiente Lavorativo<\/strong><\/p>\n<ul class=\"about-us-list\">\n<li>Pari opportunit\u00e0 occupazionali garantite<\/li>\n<li>Pari opportunit\u00e0 per avanzamento professionale garantite<\/li>\n<li>Adeguate misure di salute e sicurezza<\/li>\n<\/ul>\n<p class=\"about-us-list-header\"><strong>Ambiente<\/strong><\/p>\n<ul class=\"about-us-list\">\n<li>ufficiale politica ambientale<\/li>\n<li>consapevolezza del personale della politica ambientale ufficiale<\/li>\n<li>applicazione dei principi di \u201cgreen procurement\u201d<\/li>\n<\/ul>\n<div id=\"gtx-trans\" style=\"position: absolute; left: 442px; top: 225px;\">\n<div class=\"gtx-trans-icon\"><\/div>\n<\/div>\n<p>[\/et_pb_text][\/et_pb_column][\/et_pb_row][et_pb_row _builder_version=&#8217;3.10.1&#8242; custom_margin=&#8217;||57px|&#8217;][et_pb_column type=&#8217;4_4&#8242;][et_pb_text admin_label=&#8217;Row Header&#8217; _builder_version=&#8217;3.10.1&#8242; header_3_text_align=&#8217;center&#8217; header_3_text_color=&#8217;#1b538f&#8217; header_3_font_size=&#8217;26px&#8217; custom_margin=&#8217;||15px|&#8217;]<\/p>\n<h3><strong>Contributi Communitari<\/strong><\/h3>\n<p>[\/et_pb_text][et_pb_divider _builder_version=&#8217;3.10.1&#8242; color=&#8217;#448ad4&#8242; divider_weight=&#8217;3&#8242; max_width=&#8217;6%&#8217; module_alignment=&#8217;center&#8217; custom_margin=&#8217;||18px|&#8217; \/][et_pb_text _builder_version=&#8217;3.10.1&#8242; text_text_color=&#8217;#274c73&#8242; text_font_size=&#8217;16px&#8217; text_orientation=&#8217;center&#8217; max_width=&#8217;80%&#8217; module_alignment=&#8217;center&#8217;]<\/p>\n<p>Da Prica &amp; Partners, crediamo in sostegno degli impegni delle attivit\u00e0 locali, opere di carit\u00e0 e communit\u00e0 artistica. Tramite supporto della nostra communit\u00e0 locale, sosteniamo l\u2019immagine complessiva di Serbia sul mercato globale e lo sviluppo di lavoro e comportamento socialmente responsabile sul nostro mercato domestico.<\/p>\n<p>[\/et_pb_text][\/et_pb_column][\/et_pb_row][\/et_pb_section]<\/p>\n","protected":false},"excerpt":{"rendered":"<p>[et_pb_section bb_built=&#8217;1&#8242; _builder_version=&#8217;3.10.1&#8242; background_image=&#8217;https:\/\/pricapartners.com\/wp-content\/uploads\/2018\/08\/bgd-about-us.jpg&#8217; custom_padding=&#8217;||155px|&#8217; next_background_color=&#8217;#ffffff&#8217; module_class=&#8217;header-padding&#8217;][et_pb_row _builder_version=&#8217;3.0.48&#8242; background_size=&#8217;initial&#8217; background_position=&#8217;top_left&#8217; background_repeat=&#8217;repeat&#8217;][et_pb_column type=&#8217;4_4&#8242;][et_pb_text _builder_version=&#8217;3.10.1&#8242; text_font=&#8217;|600|||||||&#8217; text_text_color=&#8217;#195da6&#8242; text_font_size=&#8217;16px&#8217; custom_margin=&#8217;||20px|&#8217;] Ready For The Challenge [\/et_pb_text][et_pb_text admin_label=&#8217;Social Responsibility&#8217; _builder_version=&#8217;3.17.1&#8242; text_font=&#8217;|300|||||||&#8217; text_text_color=&#8217;#bad5f2&#8242; text_font_size=&#8217;60px&#8217; text_font_size_tablet=&#8217;40px&#8217; text_font_size_last_edited=&#8217;on|tablet&#8217;] Responsabilit\u00e0 Sociale [\/et_pb_text][\/et_pb_column][\/et_pb_row][et_pb_row _builder_version=&#8217;3.10.1&#8242; use_custom_width=&#8217;on&#8217; width_unit=&#8217;off&#8217; custom_width_percent=&#8217;100%&#8217;][et_pb_column type=&#8217;4_4&#8242;][et_pb_code admin_label=&#8217;Triangle&#8217; _builder_version=&#8217;3.10.1&#8242;]&lt;div class=&#8221;divider-bottom&#8221;&gt;&lt;!&#8211; [et_pb_line_break_holder] &#8211;&gt; &lt;div class=&#8221;inside-container&#8221;&gt;&lt;\/div&gt;&lt;!&#8211; [et_pb_line_break_holder] &#8211;&gt;&lt;\/div&gt;[\/et_pb_code][\/et_pb_column][\/et_pb_row][\/et_pb_section][et_pb_section bb_built=&#8217;1&#8242; _builder_version=&#8217;3.10.1&#8242; custom_padding=&#8217;40px||70px|&#8217; prev_background_color=&#8217;#000000&#8242;][et_pb_row background_position=&#8217;top_left&#8217; background_repeat=&#8217;repeat&#8217; background_size=&#8217;initial&#8217;][et_pb_column type=&#8217;4_4&#8242;][et_pb_text [&hellip;]<\/p>\n","protected":false},"author":2,"featured_media":0,"parent":769,"menu_order":0,"comment_status":"closed","ping_status":"closed","template":"","meta":{"_et_pb_use_builder":"on","_et_pb_old_content":"","_et_gb_content_width":"","footnotes":""},"class_list":["post-1569","page","type-page","status-publish","hentry"],"yoast_head":"<!-- This site is optimized with the Yoast SEO plugin v27.3 - https:\/\/yoast.com\/product\/yoast-seo-wordpress\/ -->\n<title>Responsabilit\u00e0 Sociale &#8211; Prica &amp; Partners<\/title>\n<meta name=\"robots\" content=\"index, follow, max-snippet:-1, max-image-preview:large, max-video-preview:-1\" \/>\n<link rel=\"canonical\" href=\"https:\/\/pricapartners.com\/about-us\/social-responsibility\/\" \/>\n<meta property=\"og:locale\" content=\"it_IT\" \/>\n<meta property=\"og:type\" content=\"article\" \/>\n<meta property=\"og:title\" content=\"Responsabilit\u00e0 Sociale &#8211; Prica &amp; Partners\" \/>\n<meta property=\"og:description\" content=\"[et_pb_section bb_built=&#8217;1&#8242; _builder_version=&#8217;3.10.1&#8242; background_image=&#8217;https:\/\/pricapartners.com\/wp-content\/uploads\/2018\/08\/bgd-about-us.jpg&#8217; custom_padding=&#8217;||155px|&#8217; next_background_color=&#8217;#ffffff&#8217; module_class=&#8217;header-padding&#8217;][et_pb_row _builder_version=&#8217;3.0.48&#8242; background_size=&#8217;initial&#8217; background_position=&#8217;top_left&#8217; background_repeat=&#8217;repeat&#8217;][et_pb_column type=&#8217;4_4&#8242;][et_pb_text _builder_version=&#8217;3.10.1&#8242; text_font=&#8217;|600|||||||&#8217; text_text_color=&#8217;#195da6&#8242; text_font_size=&#8217;16px&#8217; custom_margin=&#8217;||20px|&#8217;] Ready For The Challenge [\/et_pb_text][et_pb_text admin_label=&#8217;Social Responsibility&#8217; _builder_version=&#8217;3.17.1&#8242; text_font=&#8217;|300|||||||&#8217; text_text_color=&#8217;#bad5f2&#8242; text_font_size=&#8217;60px&#8217; text_font_size_tablet=&#8217;40px&#8217; text_font_size_last_edited=&#8217;on|tablet&#8217;] Responsabilit\u00e0 Sociale [\/et_pb_text][\/et_pb_column][\/et_pb_row][et_pb_row _builder_version=&#8217;3.10.1&#8242; use_custom_width=&#8217;on&#8217; width_unit=&#8217;off&#8217; custom_width_percent=&#8217;100%&#8217;][et_pb_column type=&#8217;4_4&#8242;][et_pb_code admin_label=&#8217;Triangle&#8217; _builder_version=&#8217;3.10.1&#8242;]&lt;div class=&#8221;divider-bottom&#8221;&gt;&lt;!&#8211; [et_pb_line_break_holder] &#8211;&gt; &lt;div class=&#8221;inside-container&#8221;&gt;&lt;\/div&gt;&lt;!&#8211; [et_pb_line_break_holder] &#8211;&gt;&lt;\/div&gt;[\/et_pb_code][\/et_pb_column][\/et_pb_row][\/et_pb_section][et_pb_section bb_built=&#8217;1&#8242; _builder_version=&#8217;3.10.1&#8242; custom_padding=&#8217;40px||70px|&#8217; prev_background_color=&#8217;#000000&#8242;][et_pb_row background_position=&#8217;top_left&#8217; background_repeat=&#8217;repeat&#8217; background_size=&#8217;initial&#8217;][et_pb_column type=&#8217;4_4&#8242;][et_pb_text [&hellip;]\" \/>\n<meta property=\"og:url\" content=\"https:\/\/pricapartners.com\/about-us\/social-responsibility\/\" \/>\n<meta property=\"og:site_name\" content=\"Prica &amp; Partners\" \/>\n<meta property=\"article:modified_time\" content=\"2020-07-02T11:56:29+00:00\" \/>\n<meta name=\"twitter:card\" content=\"summary_large_image\" \/>\n<meta name=\"twitter:label1\" content=\"Tempo di lettura stimato\" \/>\n\t<meta name=\"twitter:data1\" content=\"5 minuti\" \/>\n<script type=\"application\/ld+json\" class=\"yoast-schema-graph\">{\"@context\":\"https:\\\/\\\/schema.org\",\"@graph\":[{\"@type\":\"WebPage\",\"@id\":\"https:\\\/\\\/pricapartners.com\\\/about-us\\\/social-responsibility\\\/\",\"url\":\"https:\\\/\\\/pricapartners.com\\\/about-us\\\/social-responsibility\\\/\",\"name\":\"Responsabilit\u00e0 Sociale &#8211; Prica &amp; Partners\",\"isPartOf\":{\"@id\":\"https:\\\/\\\/pricapartners.com\\\/#website\"},\"datePublished\":\"2018-08-16T13:00:59+00:00\",\"dateModified\":\"2020-07-02T11:56:29+00:00\",\"breadcrumb\":{\"@id\":\"https:\\\/\\\/pricapartners.com\\\/about-us\\\/social-responsibility\\\/#breadcrumb\"},\"inLanguage\":\"it-IT\",\"potentialAction\":[{\"@type\":\"ReadAction\",\"target\":[\"https:\\\/\\\/pricapartners.com\\\/about-us\\\/social-responsibility\\\/\"]}]},{\"@type\":\"BreadcrumbList\",\"@id\":\"https:\\\/\\\/pricapartners.com\\\/about-us\\\/social-responsibility\\\/#breadcrumb\",\"itemListElement\":[{\"@type\":\"ListItem\",\"position\":1,\"name\":\"Home\",\"item\":\"https:\\\/\\\/pricapartners.com\\\/it\\\/\"},{\"@type\":\"ListItem\",\"position\":2,\"name\":\"Chi siamo\",\"item\":\"https:\\\/\\\/pricapartners.com\\\/it\\\/chi-siamo\\\/\"},{\"@type\":\"ListItem\",\"position\":3,\"name\":\"Responsabilit\u00e0 Sociale\"}]},{\"@type\":\"WebSite\",\"@id\":\"https:\\\/\\\/pricapartners.com\\\/#website\",\"url\":\"https:\\\/\\\/pricapartners.com\\\/\",\"name\":\"Prica &amp; Partners\",\"description\":\"Attorneys at Law\",\"potentialAction\":[{\"@type\":\"SearchAction\",\"target\":{\"@type\":\"EntryPoint\",\"urlTemplate\":\"https:\\\/\\\/pricapartners.com\\\/?s={search_term_string}\"},\"query-input\":{\"@type\":\"PropertyValueSpecification\",\"valueRequired\":true,\"valueName\":\"search_term_string\"}}],\"inLanguage\":\"it-IT\"}]}<\/script>\n<!-- \/ Yoast SEO plugin. -->","yoast_head_json":{"title":"Responsabilit\u00e0 Sociale &#8211; Prica &amp; Partners","robots":{"index":"index","follow":"follow","max-snippet":"max-snippet:-1","max-image-preview":"max-image-preview:large","max-video-preview":"max-video-preview:-1"},"canonical":"https:\/\/pricapartners.com\/about-us\/social-responsibility\/","og_locale":"it_IT","og_type":"article","og_title":"Responsabilit\u00e0 Sociale &#8211; Prica &amp; Partners","og_description":"[et_pb_section bb_built=&#8217;1&#8242; _builder_version=&#8217;3.10.1&#8242; background_image=&#8217;https:\/\/pricapartners.com\/wp-content\/uploads\/2018\/08\/bgd-about-us.jpg&#8217; custom_padding=&#8217;||155px|&#8217; next_background_color=&#8217;#ffffff&#8217; module_class=&#8217;header-padding&#8217;][et_pb_row _builder_version=&#8217;3.0.48&#8242; background_size=&#8217;initial&#8217; background_position=&#8217;top_left&#8217; background_repeat=&#8217;repeat&#8217;][et_pb_column type=&#8217;4_4&#8242;][et_pb_text _builder_version=&#8217;3.10.1&#8242; text_font=&#8217;|600|||||||&#8217; text_text_color=&#8217;#195da6&#8242; text_font_size=&#8217;16px&#8217; custom_margin=&#8217;||20px|&#8217;] Ready For The Challenge [\/et_pb_text][et_pb_text admin_label=&#8217;Social Responsibility&#8217; _builder_version=&#8217;3.17.1&#8242; text_font=&#8217;|300|||||||&#8217; text_text_color=&#8217;#bad5f2&#8242; text_font_size=&#8217;60px&#8217; text_font_size_tablet=&#8217;40px&#8217; text_font_size_last_edited=&#8217;on|tablet&#8217;] Responsabilit\u00e0 Sociale [\/et_pb_text][\/et_pb_column][\/et_pb_row][et_pb_row _builder_version=&#8217;3.10.1&#8242; use_custom_width=&#8217;on&#8217; width_unit=&#8217;off&#8217; custom_width_percent=&#8217;100%&#8217;][et_pb_column type=&#8217;4_4&#8242;][et_pb_code admin_label=&#8217;Triangle&#8217; _builder_version=&#8217;3.10.1&#8242;]&lt;div class=&#8221;divider-bottom&#8221;&gt;&lt;!&#8211; [et_pb_line_break_holder] &#8211;&gt; &lt;div class=&#8221;inside-container&#8221;&gt;&lt;\/div&gt;&lt;!&#8211; [et_pb_line_break_holder] &#8211;&gt;&lt;\/div&gt;[\/et_pb_code][\/et_pb_column][\/et_pb_row][\/et_pb_section][et_pb_section bb_built=&#8217;1&#8242; _builder_version=&#8217;3.10.1&#8242; custom_padding=&#8217;40px||70px|&#8217; prev_background_color=&#8217;#000000&#8242;][et_pb_row background_position=&#8217;top_left&#8217; background_repeat=&#8217;repeat&#8217; background_size=&#8217;initial&#8217;][et_pb_column type=&#8217;4_4&#8242;][et_pb_text [&hellip;]","og_url":"https:\/\/pricapartners.com\/about-us\/social-responsibility\/","og_site_name":"Prica &amp; Partners","article_modified_time":"2020-07-02T11:56:29+00:00","twitter_card":"summary_large_image","twitter_misc":{"Tempo di lettura stimato":"5 minuti"},"schema":{"@context":"https:\/\/schema.org","@graph":[{"@type":"WebPage","@id":"https:\/\/pricapartners.com\/about-us\/social-responsibility\/","url":"https:\/\/pricapartners.com\/about-us\/social-responsibility\/","name":"Responsabilit\u00e0 Sociale &#8211; Prica &amp; Partners","isPartOf":{"@id":"https:\/\/pricapartners.com\/#website"},"datePublished":"2018-08-16T13:00:59+00:00","dateModified":"2020-07-02T11:56:29+00:00","breadcrumb":{"@id":"https:\/\/pricapartners.com\/about-us\/social-responsibility\/#breadcrumb"},"inLanguage":"it-IT","potentialAction":[{"@type":"ReadAction","target":["https:\/\/pricapartners.com\/about-us\/social-responsibility\/"]}]},{"@type":"BreadcrumbList","@id":"https:\/\/pricapartners.com\/about-us\/social-responsibility\/#breadcrumb","itemListElement":[{"@type":"ListItem","position":1,"name":"Home","item":"https:\/\/pricapartners.com\/it\/"},{"@type":"ListItem","position":2,"name":"Chi siamo","item":"https:\/\/pricapartners.com\/it\/chi-siamo\/"},{"@type":"ListItem","position":3,"name":"Responsabilit\u00e0 Sociale"}]},{"@type":"WebSite","@id":"https:\/\/pricapartners.com\/#website","url":"https:\/\/pricapartners.com\/","name":"Prica &amp; Partners","description":"Attorneys at Law","potentialAction":[{"@type":"SearchAction","target":{"@type":"EntryPoint","urlTemplate":"https:\/\/pricapartners.com\/?s={search_term_string}"},"query-input":{"@type":"PropertyValueSpecification","valueRequired":true,"valueName":"search_term_string"}}],"inLanguage":"it-IT"}]}},"_links":{"self":[{"href":"https:\/\/pricapartners.com\/it\/wp-json\/wp\/v2\/pages\/1569","targetHints":{"allow":["GET"]}}],"collection":[{"href":"https:\/\/pricapartners.com\/it\/wp-json\/wp\/v2\/pages"}],"about":[{"href":"https:\/\/pricapartners.com\/it\/wp-json\/wp\/v2\/types\/page"}],"author":[{"embeddable":true,"href":"https:\/\/pricapartners.com\/it\/wp-json\/wp\/v2\/users\/2"}],"replies":[{"embeddable":true,"href":"https:\/\/pricapartners.com\/it\/wp-json\/wp\/v2\/comments?post=1569"}],"version-history":[{"count":0,"href":"https:\/\/pricapartners.com\/it\/wp-json\/wp\/v2\/pages\/1569\/revisions"}],"up":[{"embeddable":true,"href":"https:\/\/pricapartners.com\/it\/wp-json\/wp\/v2\/pages\/769"}],"wp:attachment":[{"href":"https:\/\/pricapartners.com\/it\/wp-json\/wp\/v2\/media?parent=1569"}],"curies":[{"name":"wp","href":"https:\/\/api.w.org\/{rel}","templated":true}]}}