{"id":1372,"date":"2018-08-16T14:55:50","date_gmt":"2018-08-16T12:55:50","guid":{"rendered":"https:\/\/BA684EB9-265E-4A50-95E0-DA9898D46B2D"},"modified":"2020-01-21T15:31:02","modified_gmt":"2020-01-21T14:31:02","slug":"carriera","status":"publish","type":"page","link":"https:\/\/pricapartners.com\/it\/chi-siamo\/carriera\/","title":{"rendered":"Carriera"},"content":{"rendered":"<p>[et_pb_section bb_built=&#8217;1&#8242; _builder_version=&#8217;3.10.1&#8242; background_image=&#8217;https:\/\/pricapartners.com\/wp-content\/uploads\/2018\/08\/bgd-about-us.jpg&#8217; custom_padding=&#8217;||155px|&#8217; next_background_color=&#8217;#ffffff&#8217; module_class=&#8217;header-padding&#8217;][et_pb_row _builder_version=&#8217;3.0.48&#8242; background_size=&#8217;initial&#8217; background_position=&#8217;top_left&#8217; background_repeat=&#8217;repeat&#8217;][et_pb_column type=&#8217;4_4&#8242;][et_pb_text _builder_version=&#8217;3.10.1&#8242; text_font=&#8217;|600|||||||&#8217; text_text_color=&#8217;#195da6&#8242; text_font_size=&#8217;16px&#8217; custom_margin=&#8217;||20px|&#8217;]<\/p>\n<p>Ready For The Challenge<\/p>\n<p>[\/et_pb_text][et_pb_text admin_label=&#8217;Career&#8217; _builder_version=&#8217;3.10.1&#8242; text_font=&#8217;|300|||||||&#8217; text_text_color=&#8217;#bad5f2&#8242; text_font_size=&#8217;60px&#8217;]<\/p>\n<p>Carriera<\/p>\n<p>[\/et_pb_text][\/et_pb_column][\/et_pb_row][et_pb_row _builder_version=&#8217;3.10.1&#8242; use_custom_width=&#8217;on&#8217; width_unit=&#8217;off&#8217; custom_width_percent=&#8217;100%&#8217;][et_pb_column type=&#8217;4_4&#8242;][et_pb_code admin_label=&#8217;Triangle&#8217; _builder_version=&#8217;3.10.1&#8242;]&lt;div class=&#8221;divider-bottom&#8221;&gt;&lt;!&#8211; [et_pb_line_break_holder] &#8211;&gt; &lt;div class=&#8221;inside-container&#8221;&gt;&lt;\/div&gt;&lt;!&#8211; [et_pb_line_break_holder] &#8211;&gt;&lt;\/div&gt;[\/et_pb_code][\/et_pb_column][\/et_pb_row][\/et_pb_section][et_pb_section bb_built=&#8217;1&#8242; _builder_version=&#8217;3.10.1&#8242; custom_padding=&#8217;40px||70px|&#8217; prev_background_color=&#8217;#000000&#8242;][et_pb_row _builder_version=&#8217;3.10.1&#8242; custom_margin=&#8217;||57px|&#8217;][et_pb_column type=&#8217;4_4&#8242;][et_pb_text admin_label=&#8217;Row Header&#8217; _builder_version=&#8217;3.10.1&#8242; header_3_text_align=&#8217;center&#8217; header_3_text_color=&#8217;#1b538f&#8217; header_3_font_size=&#8217;26px&#8217; custom_margin=&#8217;||15px|&#8217;]<\/p>\n<h3><strong>Coltivazione dell\u2019ambiente collaborativo di lavoro<\/strong><\/h3>\n<p>[\/et_pb_text][et_pb_divider _builder_version=&#8217;3.10.1&#8242; color=&#8217;#448ad4&#8242; divider_weight=&#8217;3&#8242; max_width=&#8217;6%&#8217; module_alignment=&#8217;center&#8217; custom_margin=&#8217;||18px|&#8217; \/][et_pb_text _builder_version=&#8217;3.10.1&#8242; text_text_color=&#8217;#274c73&#8242; text_font_size=&#8217;16px&#8217; text_orientation=&#8217;center&#8217; max_width=&#8217;80%&#8217; module_alignment=&#8217;center&#8217;]<\/p>\n<p>Prica &#038; Partners hanno una posizione forte sul mercato legale serbo. I nostri avvocati parlano diverse lingue tra le quali Inglese, Francese, Italiano, Spagnolo e Tedesco e la gran parte dei nostri membri hanno una educazione internazionale. Siamo certi che il nostro successo costante durante gli anni \u00e8 dovuto anche alla nostra abilit\u00e0 di attirare e sviluppare i talenti pi\u00f9 grandi nel mercato legale. Coltiviamo e nutriamo un umbiente collaborativo di lavoro dove ogni impiegato e avvocato \u00e8 valutato secondo quello che ha per contribuire allo successo dello studio.<\/p>\n<p>[\/et_pb_text][\/et_pb_column][\/et_pb_row][et_pb_row background_position=&#8217;top_left&#8217; background_repeat=&#8217;repeat&#8217; background_size=&#8217;initial&#8217;][et_pb_column type=&#8217;4_4&#8242;][et_pb_text admin_label=&#8217;Row Header&#8217; _builder_version=&#8217;3.10.1&#8242; header_3_text_align=&#8217;center&#8217; header_3_text_color=&#8217;#1b538f&#8217; header_3_font_size=&#8217;26px&#8217; custom_margin=&#8217;||15px|&#8217;]<\/p>\n<h3><strong>Perch\u00e8 lavorare per Prica &#038; Partners?<\/strong><\/h3>\n<p>[\/et_pb_text][et_pb_divider _builder_version=&#8217;3.10.1&#8242; color=&#8217;#448ad4&#8242; divider_weight=&#8217;3&#8242; max_width=&#8217;6%&#8217; module_alignment=&#8217;center&#8217; custom_margin=&#8217;||18px|&#8217; \/][et_pb_text _builder_version=&#8217;3.10.1&#8242; text_text_color=&#8217;#274c73&#8242; text_font_size=&#8217;16px&#8217; text_orientation=&#8217;center&#8217; max_width=&#8217;80%&#8217; module_alignment=&#8217;center&#8217;]<\/p>\n<p>Lavorare per Prica &#038; Partners ti dar\u00e0 l\u2019opportunit\u00e0 di impegarti nei progetti pi\u00f9 importanti sul nostro mercato e collaborare con migliori studi legali mondiali, leaders industriali e principali istituzioni globali. Offriamo ambiente lavorativo dinamico ed equilibrio lavoro \u2013 vita che pochi altri studi possono uguagliare. Lavorando con Prica &#038; Partners puoi sviluppare una carriera gratificante e di successo.<\/p>\n<p>[\/et_pb_text][\/et_pb_column][\/et_pb_row][et_pb_row background_position=&#8217;top_left&#8217; background_repeat=&#8217;repeat&#8217; background_size=&#8217;initial&#8217;][et_pb_column type=&#8217;4_4&#8242;][et_pb_text admin_label=&#8217;Row Header&#8217; _builder_version=&#8217;3.10.1&#8242; header_3_text_align=&#8217;center&#8217; header_3_text_color=&#8217;#1b538f&#8217; header_3_font_size=&#8217;26px&#8217; custom_margin=&#8217;||15px|&#8217;]<\/p>\n<h3><strong>Unisciti a noi<\/strong><\/h3>\n<p>[\/et_pb_text][et_pb_divider _builder_version=&#8217;3.10.1&#8242; color=&#8217;#448ad4&#8242; divider_weight=&#8217;3&#8242; max_width=&#8217;6%&#8217; module_alignment=&#8217;center&#8217; custom_margin=&#8217;||18px|&#8217; \/][et_pb_text _builder_version=&#8217;3.10.1&#8242; text_text_color=&#8217;#274c73&#8242; text_font_size=&#8217;16px&#8217; text_orientation=&#8217;center&#8217; max_width=&#8217;80%&#8217; module_alignment=&#8217;center&#8217;]<\/p>\n<p>Noi assumiamo avvocati esperti e tirocinanti con l\u2019aspettativa che loro svilupperanno le loro carriere legali come parte del nostro studio e nostro tasso di ritenzione \u00e8 molto alto. Se sei interessato a lavorare per Prica &#038; Partners, mandaci il tuo CV! <a href=\"mailto:office@pricapartners.com\">OFFICE@PRICAPARTNERS.COM<\/a><\/p>\n<p>[\/et_pb_text][\/et_pb_column][\/et_pb_row][et_pb_row background_position=&#8217;top_left&#8217; background_repeat=&#8217;repeat&#8217; background_size=&#8217;initial&#8217;][et_pb_column type=&#8217;4_4&#8242;][et_pb_text admin_label=&#8217;Row Header&#8217; _builder_version=&#8217;3.10.1&#8242; header_3_text_align=&#8217;center&#8217; header_3_text_color=&#8217;#1b538f&#8217; header_3_font_size=&#8217;26px&#8217; custom_margin=&#8217;||15px|&#8217;]<\/p>\n<h3><strong>Posizioni Aperte<\/strong><\/h3>\n<p>[\/et_pb_text][et_pb_divider _builder_version=&#8217;3.10.1&#8242; color=&#8217;#448ad4&#8242; divider_weight=&#8217;3&#8242; max_width=&#8217;6%&#8217; module_alignment=&#8217;center&#8217; custom_margin=&#8217;||18px|&#8217; \/][\/et_pb_column][\/et_pb_row][\/et_pb_section]<\/p>\n","protected":false},"excerpt":{"rendered":"<p>[et_pb_section bb_built=&#8217;1&#8242; _builder_version=&#8217;3.10.1&#8242; background_image=&#8217;https:\/\/pricapartners.com\/wp-content\/uploads\/2018\/08\/bgd-about-us.jpg&#8217; custom_padding=&#8217;||155px|&#8217; next_background_color=&#8217;#ffffff&#8217; module_class=&#8217;header-padding&#8217;][et_pb_row _builder_version=&#8217;3.0.48&#8242; background_size=&#8217;initial&#8217; background_position=&#8217;top_left&#8217; background_repeat=&#8217;repeat&#8217;][et_pb_column type=&#8217;4_4&#8242;][et_pb_text _builder_version=&#8217;3.10.1&#8242; text_font=&#8217;|600|||||||&#8217; text_text_color=&#8217;#195da6&#8242; text_font_size=&#8217;16px&#8217; custom_margin=&#8217;||20px|&#8217;] Ready For The Challenge [\/et_pb_text][et_pb_text admin_label=&#8217;Career&#8217; _builder_version=&#8217;3.10.1&#8242; text_font=&#8217;|300|||||||&#8217; text_text_color=&#8217;#bad5f2&#8242; text_font_size=&#8217;60px&#8217;] Carriera [\/et_pb_text][\/et_pb_column][\/et_pb_row][et_pb_row _builder_version=&#8217;3.10.1&#8242; use_custom_width=&#8217;on&#8217; width_unit=&#8217;off&#8217; custom_width_percent=&#8217;100%&#8217;][et_pb_column type=&#8217;4_4&#8242;][et_pb_code admin_label=&#8217;Triangle&#8217; _builder_version=&#8217;3.10.1&#8242;]&lt;div class=&#8221;divider-bottom&#8221;&gt;&lt;!&#8211; [et_pb_line_break_holder] &#8211;&gt; &lt;div class=&#8221;inside-container&#8221;&gt;&lt;\/div&gt;&lt;!&#8211; [et_pb_line_break_holder] &#8211;&gt;&lt;\/div&gt;[\/et_pb_code][\/et_pb_column][\/et_pb_row][\/et_pb_section][et_pb_section bb_built=&#8217;1&#8242; _builder_version=&#8217;3.10.1&#8242; custom_padding=&#8217;40px||70px|&#8217; prev_background_color=&#8217;#000000&#8242;][et_pb_row _builder_version=&#8217;3.10.1&#8242; custom_margin=&#8217;||57px|&#8217;][et_pb_column type=&#8217;4_4&#8242;][et_pb_text admin_label=&#8217;Row Header&#8217; _builder_version=&#8217;3.10.1&#8242; header_3_text_align=&#8217;center&#8217; header_3_text_color=&#8217;#1b538f&#8217; [&hellip;]<\/p>\n","protected":false},"author":2,"featured_media":0,"parent":769,"menu_order":0,"comment_status":"closed","ping_status":"closed","template":"","meta":{"_et_pb_use_builder":"on","_et_pb_old_content":"","_et_gb_content_width":"","footnotes":""},"class_list":["post-1372","page","type-page","status-publish","hentry"],"yoast_head":"<!-- This site is optimized with the Yoast SEO plugin v27.3 - https:\/\/yoast.com\/product\/yoast-seo-wordpress\/ -->\n<title>Carriera &#8211; Prica &amp; Partners<\/title>\n<meta name=\"robots\" content=\"index, follow, max-snippet:-1, max-image-preview:large, max-video-preview:-1\" \/>\n<link rel=\"canonical\" href=\"https:\/\/pricapartners.com\/about-us\/career\/\" \/>\n<meta property=\"og:locale\" content=\"it_IT\" \/>\n<meta property=\"og:type\" content=\"article\" \/>\n<meta property=\"og:title\" content=\"Carriera &#8211; Prica &amp; Partners\" \/>\n<meta property=\"og:description\" content=\"[et_pb_section bb_built=&#8217;1&#8242; _builder_version=&#8217;3.10.1&#8242; background_image=&#8217;https:\/\/pricapartners.com\/wp-content\/uploads\/2018\/08\/bgd-about-us.jpg&#8217; custom_padding=&#8217;||155px|&#8217; next_background_color=&#8217;#ffffff&#8217; module_class=&#8217;header-padding&#8217;][et_pb_row _builder_version=&#8217;3.0.48&#8242; background_size=&#8217;initial&#8217; background_position=&#8217;top_left&#8217; background_repeat=&#8217;repeat&#8217;][et_pb_column type=&#8217;4_4&#8242;][et_pb_text _builder_version=&#8217;3.10.1&#8242; text_font=&#8217;|600|||||||&#8217; text_text_color=&#8217;#195da6&#8242; text_font_size=&#8217;16px&#8217; custom_margin=&#8217;||20px|&#8217;] Ready For The Challenge [\/et_pb_text][et_pb_text admin_label=&#8217;Career&#8217; _builder_version=&#8217;3.10.1&#8242; text_font=&#8217;|300|||||||&#8217; text_text_color=&#8217;#bad5f2&#8242; text_font_size=&#8217;60px&#8217;] Carriera [\/et_pb_text][\/et_pb_column][\/et_pb_row][et_pb_row _builder_version=&#8217;3.10.1&#8242; use_custom_width=&#8217;on&#8217; width_unit=&#8217;off&#8217; custom_width_percent=&#8217;100%&#8217;][et_pb_column type=&#8217;4_4&#8242;][et_pb_code admin_label=&#8217;Triangle&#8217; _builder_version=&#8217;3.10.1&#8242;]&lt;div class=&#8221;divider-bottom&#8221;&gt;&lt;!&#8211; [et_pb_line_break_holder] &#8211;&gt; &lt;div class=&#8221;inside-container&#8221;&gt;&lt;\/div&gt;&lt;!&#8211; [et_pb_line_break_holder] &#8211;&gt;&lt;\/div&gt;[\/et_pb_code][\/et_pb_column][\/et_pb_row][\/et_pb_section][et_pb_section bb_built=&#8217;1&#8242; _builder_version=&#8217;3.10.1&#8242; custom_padding=&#8217;40px||70px|&#8217; prev_background_color=&#8217;#000000&#8242;][et_pb_row _builder_version=&#8217;3.10.1&#8242; custom_margin=&#8217;||57px|&#8217;][et_pb_column type=&#8217;4_4&#8242;][et_pb_text admin_label=&#8217;Row Header&#8217; _builder_version=&#8217;3.10.1&#8242; header_3_text_align=&#8217;center&#8217; header_3_text_color=&#8217;#1b538f&#8217; [&hellip;]\" \/>\n<meta property=\"og:url\" content=\"https:\/\/pricapartners.com\/about-us\/career\/\" \/>\n<meta property=\"og:site_name\" content=\"Prica &amp; Partners\" \/>\n<meta property=\"article:modified_time\" content=\"2020-01-21T14:31:02+00:00\" \/>\n<meta name=\"twitter:card\" content=\"summary_large_image\" \/>\n<meta name=\"twitter:label1\" content=\"Tempo di lettura stimato\" \/>\n\t<meta name=\"twitter:data1\" content=\"4 minuti\" \/>\n<script type=\"application\/ld+json\" class=\"yoast-schema-graph\">{\"@context\":\"https:\\\/\\\/schema.org\",\"@graph\":[{\"@type\":\"WebPage\",\"@id\":\"https:\\\/\\\/pricapartners.com\\\/about-us\\\/career\\\/\",\"url\":\"https:\\\/\\\/pricapartners.com\\\/about-us\\\/career\\\/\",\"name\":\"Carriera &#8211; Prica &amp; Partners\",\"isPartOf\":{\"@id\":\"https:\\\/\\\/pricapartners.com\\\/#website\"},\"datePublished\":\"2018-08-16T12:55:50+00:00\",\"dateModified\":\"2020-01-21T14:31:02+00:00\",\"breadcrumb\":{\"@id\":\"https:\\\/\\\/pricapartners.com\\\/about-us\\\/career\\\/#breadcrumb\"},\"inLanguage\":\"it-IT\",\"potentialAction\":[{\"@type\":\"ReadAction\",\"target\":[\"https:\\\/\\\/pricapartners.com\\\/about-us\\\/career\\\/\"]}]},{\"@type\":\"BreadcrumbList\",\"@id\":\"https:\\\/\\\/pricapartners.com\\\/about-us\\\/career\\\/#breadcrumb\",\"itemListElement\":[{\"@type\":\"ListItem\",\"position\":1,\"name\":\"Home\",\"item\":\"https:\\\/\\\/pricapartners.com\\\/it\\\/\"},{\"@type\":\"ListItem\",\"position\":2,\"name\":\"Chi siamo\",\"item\":\"https:\\\/\\\/pricapartners.com\\\/it\\\/chi-siamo\\\/\"},{\"@type\":\"ListItem\",\"position\":3,\"name\":\"Carriera\"}]},{\"@type\":\"WebSite\",\"@id\":\"https:\\\/\\\/pricapartners.com\\\/#website\",\"url\":\"https:\\\/\\\/pricapartners.com\\\/\",\"name\":\"Prica &amp; Partners\",\"description\":\"Attorneys at Law\",\"potentialAction\":[{\"@type\":\"SearchAction\",\"target\":{\"@type\":\"EntryPoint\",\"urlTemplate\":\"https:\\\/\\\/pricapartners.com\\\/?s={search_term_string}\"},\"query-input\":{\"@type\":\"PropertyValueSpecification\",\"valueRequired\":true,\"valueName\":\"search_term_string\"}}],\"inLanguage\":\"it-IT\"}]}<\/script>\n<!-- \/ Yoast SEO plugin. -->","yoast_head_json":{"title":"Carriera &#8211; Prica &amp; Partners","robots":{"index":"index","follow":"follow","max-snippet":"max-snippet:-1","max-image-preview":"max-image-preview:large","max-video-preview":"max-video-preview:-1"},"canonical":"https:\/\/pricapartners.com\/about-us\/career\/","og_locale":"it_IT","og_type":"article","og_title":"Carriera &#8211; Prica &amp; Partners","og_description":"[et_pb_section bb_built=&#8217;1&#8242; _builder_version=&#8217;3.10.1&#8242; background_image=&#8217;https:\/\/pricapartners.com\/wp-content\/uploads\/2018\/08\/bgd-about-us.jpg&#8217; custom_padding=&#8217;||155px|&#8217; next_background_color=&#8217;#ffffff&#8217; module_class=&#8217;header-padding&#8217;][et_pb_row _builder_version=&#8217;3.0.48&#8242; background_size=&#8217;initial&#8217; background_position=&#8217;top_left&#8217; background_repeat=&#8217;repeat&#8217;][et_pb_column type=&#8217;4_4&#8242;][et_pb_text _builder_version=&#8217;3.10.1&#8242; text_font=&#8217;|600|||||||&#8217; text_text_color=&#8217;#195da6&#8242; text_font_size=&#8217;16px&#8217; custom_margin=&#8217;||20px|&#8217;] Ready For The Challenge [\/et_pb_text][et_pb_text admin_label=&#8217;Career&#8217; _builder_version=&#8217;3.10.1&#8242; text_font=&#8217;|300|||||||&#8217; text_text_color=&#8217;#bad5f2&#8242; text_font_size=&#8217;60px&#8217;] Carriera [\/et_pb_text][\/et_pb_column][\/et_pb_row][et_pb_row _builder_version=&#8217;3.10.1&#8242; use_custom_width=&#8217;on&#8217; width_unit=&#8217;off&#8217; custom_width_percent=&#8217;100%&#8217;][et_pb_column type=&#8217;4_4&#8242;][et_pb_code admin_label=&#8217;Triangle&#8217; _builder_version=&#8217;3.10.1&#8242;]&lt;div class=&#8221;divider-bottom&#8221;&gt;&lt;!&#8211; [et_pb_line_break_holder] &#8211;&gt; &lt;div class=&#8221;inside-container&#8221;&gt;&lt;\/div&gt;&lt;!&#8211; [et_pb_line_break_holder] &#8211;&gt;&lt;\/div&gt;[\/et_pb_code][\/et_pb_column][\/et_pb_row][\/et_pb_section][et_pb_section bb_built=&#8217;1&#8242; _builder_version=&#8217;3.10.1&#8242; custom_padding=&#8217;40px||70px|&#8217; prev_background_color=&#8217;#000000&#8242;][et_pb_row _builder_version=&#8217;3.10.1&#8242; custom_margin=&#8217;||57px|&#8217;][et_pb_column type=&#8217;4_4&#8242;][et_pb_text admin_label=&#8217;Row Header&#8217; _builder_version=&#8217;3.10.1&#8242; header_3_text_align=&#8217;center&#8217; header_3_text_color=&#8217;#1b538f&#8217; [&hellip;]","og_url":"https:\/\/pricapartners.com\/about-us\/career\/","og_site_name":"Prica &amp; Partners","article_modified_time":"2020-01-21T14:31:02+00:00","twitter_card":"summary_large_image","twitter_misc":{"Tempo di lettura stimato":"4 minuti"},"schema":{"@context":"https:\/\/schema.org","@graph":[{"@type":"WebPage","@id":"https:\/\/pricapartners.com\/about-us\/career\/","url":"https:\/\/pricapartners.com\/about-us\/career\/","name":"Carriera &#8211; Prica &amp; Partners","isPartOf":{"@id":"https:\/\/pricapartners.com\/#website"},"datePublished":"2018-08-16T12:55:50+00:00","dateModified":"2020-01-21T14:31:02+00:00","breadcrumb":{"@id":"https:\/\/pricapartners.com\/about-us\/career\/#breadcrumb"},"inLanguage":"it-IT","potentialAction":[{"@type":"ReadAction","target":["https:\/\/pricapartners.com\/about-us\/career\/"]}]},{"@type":"BreadcrumbList","@id":"https:\/\/pricapartners.com\/about-us\/career\/#breadcrumb","itemListElement":[{"@type":"ListItem","position":1,"name":"Home","item":"https:\/\/pricapartners.com\/it\/"},{"@type":"ListItem","position":2,"name":"Chi siamo","item":"https:\/\/pricapartners.com\/it\/chi-siamo\/"},{"@type":"ListItem","position":3,"name":"Carriera"}]},{"@type":"WebSite","@id":"https:\/\/pricapartners.com\/#website","url":"https:\/\/pricapartners.com\/","name":"Prica &amp; Partners","description":"Attorneys at Law","potentialAction":[{"@type":"SearchAction","target":{"@type":"EntryPoint","urlTemplate":"https:\/\/pricapartners.com\/?s={search_term_string}"},"query-input":{"@type":"PropertyValueSpecification","valueRequired":true,"valueName":"search_term_string"}}],"inLanguage":"it-IT"}]}},"_links":{"self":[{"href":"https:\/\/pricapartners.com\/it\/wp-json\/wp\/v2\/pages\/1372","targetHints":{"allow":["GET"]}}],"collection":[{"href":"https:\/\/pricapartners.com\/it\/wp-json\/wp\/v2\/pages"}],"about":[{"href":"https:\/\/pricapartners.com\/it\/wp-json\/wp\/v2\/types\/page"}],"author":[{"embeddable":true,"href":"https:\/\/pricapartners.com\/it\/wp-json\/wp\/v2\/users\/2"}],"replies":[{"embeddable":true,"href":"https:\/\/pricapartners.com\/it\/wp-json\/wp\/v2\/comments?post=1372"}],"version-history":[{"count":0,"href":"https:\/\/pricapartners.com\/it\/wp-json\/wp\/v2\/pages\/1372\/revisions"}],"up":[{"embeddable":true,"href":"https:\/\/pricapartners.com\/it\/wp-json\/wp\/v2\/pages\/769"}],"wp:attachment":[{"href":"https:\/\/pricapartners.com\/it\/wp-json\/wp\/v2\/media?parent=1372"}],"curies":[{"name":"wp","href":"https:\/\/api.w.org\/{rel}","templated":true}]}}