{"id":1343,"date":"2018-08-16T14:41:39","date_gmt":"2018-08-16T12:41:39","guid":{"rendered":"https:\/\/53D9F5E1-95F1-419F-A2C9-11F29C1837FB"},"modified":"2020-06-23T13:52:55","modified_gmt":"2020-06-23T11:52:55","slug":"rete","status":"publish","type":"page","link":"https:\/\/pricapartners.com\/it\/chi-siamo\/rete\/","title":{"rendered":"Rete"},"content":{"rendered":"<p>[et_pb_section bb_built=&#8217;1&#8242; module_class=&#8217;header-padding&#8217; _builder_version=&#8217;3.10.1&#8242; background_image=&#8217;https:\/\/pricapartners.com\/wp-content\/uploads\/2018\/08\/bgd-about-us.jpg&#8217; custom_padding=&#8217;||155px|&#8217; next_background_color=&#8217;#ffffff&#8217;][et_pb_row _builder_version=&#8217;3.0.48&#8242; background_size=&#8217;initial&#8217; background_position=&#8217;top_left&#8217; background_repeat=&#8217;repeat&#8217;][et_pb_column type=&#8217;4_4&#8242;][et_pb_text _builder_version=&#8217;3.10.1&#8242; text_font=&#8217;|600|||||||&#8217; text_text_color=&#8217;#195da6&#8242; text_font_size=&#8217;16px&#8217; custom_margin=&#8217;||20px|&#8217;] Ready For The Challenge [\/et_pb_text][et_pb_text admin_label=&#8217;Network&#8217; _builder_version=&#8217;3.10.1&#8242; text_font=&#8217;|300|||||||&#8217; text_text_color=&#8217;#bad5f2&#8242; text_font_size=&#8217;60px&#8217;] Rete [\/et_pb_text][\/et_pb_column][\/et_pb_row][et_pb_row use_custom_width=&#8217;on&#8217; width_unit=&#8217;off&#8217; custom_width_percent=&#8217;100%&#8217; _builder_version=&#8217;3.10.1&#8242;][et_pb_column type=&#8217;4_4&#8242;][et_pb_code admin_label=&#8217;Triangle&#8217; _builder_version=&#8217;3.10.1&#8242;]&lt;div class=&#8221;divider-bottom&#8221;&gt;&lt;!&#8211; [et_pb_line_break_holder] &#8211;&gt; &lt;div class=&#8221;inside-container&#8221;&gt;&lt;\/div&gt;&lt;!&#8211; [et_pb_line_break_holder] &#8211;&gt;&lt;\/div&gt;[\/et_pb_code][\/et_pb_column][\/et_pb_row][\/et_pb_section][et_pb_section bb_built=&#8217;1&#8242; _builder_version=&#8217;3.10.1&#8242; custom_padding=&#8217;40px||70px|&#8217; prev_background_color=&#8217;#000000&#8242;][et_pb_row custom_margin=&#8217;||57px|&#8217; _builder_version=&#8217;3.10.1&#8242;][et_pb_column type=&#8217;4_4&#8242;][et_pb_text admin_label=&#8217;Row Header&#8217; _builder_version=&#8217;3.10.1&#8242; header_3_text_align=&#8217;center&#8217; header_3_text_color=&#8217;#1b538f&#8217; header_3_font_size=&#8217;26px&#8217; custom_margin=&#8217;||15px|&#8217;]<\/p>\n<h3><strong>Portata Internazionale<\/strong><\/h3>\n<p>[\/et_pb_text][et_pb_divider color=&#8217;#448ad4&#8242; divider_weight=&#8217;3&#8242; _builder_version=&#8217;3.10.1&#8242; max_width=&#8217;6%&#8217; module_alignment=&#8217;center&#8217; custom_margin=&#8217;||18px|&#8217; \/][et_pb_text _builder_version=&#8217;3.10.1&#8242; text_text_color=&#8217;#274c73&#8242; text_font_size=&#8217;16px&#8217; text_orientation=&#8217;center&#8217; max_width=&#8217;80%&#8217; module_alignment=&#8217;center&#8217;]<\/p>\n<p>Al fine di soddisfare le esigenze regionali dei nostri clienti, Prica &#038; Partners, collaborano con la rete regionale dei migliori studi legali nominata <a href=\"http:\/\/www.lawyersandfriends.com\/index.html\" target=\"_blank\" rel=\"noopener noreferrer\">LAWYERS &amp; FRIENDS \u2013 SE EUROPEAN LEGAL NETWORK<\/a>.<\/p>\n<p>Affiliazione comprende quattro giurisdizioni e include seguenti studi legali:<\/p>\n<p><a href=\"http:\/\/www.babic-partners.hr\/en\/homepage\/\" target=\"_blank\" rel=\"noopener noreferrer\">BABI\u0106 &amp; PARTNERS<\/a>, Croazia<\/p>\n<p><a href=\"http:\/\/cukic-markov.com.mk\/en\/home\/\" target=\"_blank\" rel=\"noopener noreferrer\">\u010cUKI\u0106 &amp; MARKOV<\/a>, Macedonia<\/p>\n<p><a href=\"https:\/\/www.jadek-pensa.si\/en\/\" target=\"_blank\" rel=\"noopener noreferrer\">JADEK &amp; PENSA<\/a>, Slovenia<\/p>\n<p><a href=\"http:\/\/www.pricapartners.com\/\" target=\"_blank\" rel=\"noopener noreferrer\">PRICA &amp; PARTNERS<\/a>, Serbia<\/p>\n<p>Lawyers &#038; Friends rappresenta alleanza libera dei migliori studi legali che operano dentro regione d\u2019Europa del Sud-Est. Non esiste l\u2019esclusivit\u00e0. Se il cliente lo desidera, o se le circostanze lo richiedono, ogni studio legale collaborer\u00e0 con altri studi legali della regione. <\/p>\n<p>Ogni studio legale della rete Lawyers &#038; Friends applica gli standard professionali ed etici internazionalmente riconosciuti e condividono la loro sapienza ed esperienza.<\/p>\n<p>[\/et_pb_text][\/et_pb_column][\/et_pb_row][et_pb_row _builder_version=&#8217;3.0.47&#8242; background_size=&#8217;initial&#8217; background_position=&#8217;top_left&#8217; background_repeat=&#8217;repeat&#8217;][et_pb_column type=&#8217;4_4&#8242;][et_pb_text admin_label=&#8217;Row Header&#8217; _builder_version=&#8217;3.10.1&#8242; header_3_text_align=&#8217;center&#8217; header_3_text_color=&#8217;#1b538f&#8217; header_3_font_size=&#8217;26px&#8217; custom_margin=&#8217;||15px|&#8217;]<\/p>\n<h3><strong>Affiliazioni<\/strong><\/h3>\n<p>[\/et_pb_text][et_pb_divider color=&#8217;#448ad4&#8242; divider_weight=&#8217;3&#8242; _builder_version=&#8217;3.10.1&#8242; max_width=&#8217;6%&#8217; module_alignment=&#8217;center&#8217; custom_margin=&#8217;||18px|&#8217; \/][et_pb_text _builder_version=&#8217;3.10.1&#8242; text_text_color=&#8217;#274c73&#8242; text_font_size=&#8217;16px&#8217; text_orientation=&#8217;center&#8217; max_width=&#8217;80%&#8217; module_alignment=&#8217;center&#8217;]<\/p>\n<p>Prica &#038; Partners \u00e8 un membro attivo della communit\u00e0 commerciale Serba. Siamo membri di diverse Camere di Commercio, che usiamo per stare in contatto con la communit\u00e0 commerciale e rimanere in cima di questioni specifiche che hanno impatto sul lavoro della nostra clientela. Attraverso diverse iniziative, lavoriamo con le Camere e la communit\u00e0 per influenzare il nostro ambiente lavorativo domestico e per fare l\u2019impatto sulle iniziative legislative. Prica &#038; Partners \u00e8 anche il membro delle organizzazioni specifiche relative all\u2019industria, che da l\u2019opportunit\u00e0 ai nostri esperti di incontrarsi regolarmente con operatori del settore e interscambiare le ultime informazioni che riguardano gli ultimi sviluppi settoriali, legislativi ed economici sul livello Europeo.<\/p>\n<p>Siamo membri di:<\/p>\n<ul class=\"about-us-list\">\n<li><a href=\"http:\/\/www.assocamerestero.it\/camera_di_commercio_italoserba.asp?ln=&amp;idtema=1&amp;idtemacat=1&amp;page=informazioni&amp;index=1&amp;idcategoria=34075\" target=\"_blank\" rel=\"noopener noreferrer\">Camera di Commercio Italo-Serba<\/a><\/li>\n<li><a href=\"http:\/\/www.sscc.rs\/\" target=\"_blank\" rel=\"noopener noreferrer\">Swiss-Serbian Chamber of Commerce<\/a><\/li>\n<li><a href=\"http:\/\/www.aeec-online.com\/whoweare\/%20\" target=\"_blank\" rel=\"noopener noreferrer\">Associated European Energy Consultants (AEEC)<\/a><\/li>\n<li><a href=\"https:\/\/newtonarbitration.com\/\" target=\"_blank\" rel=\"noopener noreferrer\">Newton Arbitration<\/a><\/li>\n<\/ul>\n<p>&nbsp;<\/p>\n<p>[\/et_pb_text][\/et_pb_column][\/et_pb_row][\/et_pb_section]<\/p>\n","protected":false},"excerpt":{"rendered":"<p>[et_pb_section bb_built=&#8217;1&#8242; module_class=&#8217;header-padding&#8217; _builder_version=&#8217;3.10.1&#8242; background_image=&#8217;https:\/\/pricapartners.com\/wp-content\/uploads\/2018\/08\/bgd-about-us.jpg&#8217; custom_padding=&#8217;||155px|&#8217; next_background_color=&#8217;#ffffff&#8217;][et_pb_row _builder_version=&#8217;3.0.48&#8242; background_size=&#8217;initial&#8217; background_position=&#8217;top_left&#8217; background_repeat=&#8217;repeat&#8217;][et_pb_column type=&#8217;4_4&#8242;][et_pb_text _builder_version=&#8217;3.10.1&#8242; text_font=&#8217;|600|||||||&#8217; text_text_color=&#8217;#195da6&#8242; text_font_size=&#8217;16px&#8217; custom_margin=&#8217;||20px|&#8217;] Ready For The Challenge [\/et_pb_text][et_pb_text admin_label=&#8217;Network&#8217; _builder_version=&#8217;3.10.1&#8242; text_font=&#8217;|300|||||||&#8217; text_text_color=&#8217;#bad5f2&#8242; text_font_size=&#8217;60px&#8217;] Rete [\/et_pb_text][\/et_pb_column][\/et_pb_row][et_pb_row use_custom_width=&#8217;on&#8217; width_unit=&#8217;off&#8217; custom_width_percent=&#8217;100%&#8217; _builder_version=&#8217;3.10.1&#8242;][et_pb_column type=&#8217;4_4&#8242;][et_pb_code admin_label=&#8217;Triangle&#8217; _builder_version=&#8217;3.10.1&#8242;]&lt;div class=&#8221;divider-bottom&#8221;&gt;&lt;!&#8211; [et_pb_line_break_holder] &#8211;&gt; &lt;div class=&#8221;inside-container&#8221;&gt;&lt;\/div&gt;&lt;!&#8211; [et_pb_line_break_holder] &#8211;&gt;&lt;\/div&gt;[\/et_pb_code][\/et_pb_column][\/et_pb_row][\/et_pb_section][et_pb_section bb_built=&#8217;1&#8242; _builder_version=&#8217;3.10.1&#8242; custom_padding=&#8217;40px||70px|&#8217; prev_background_color=&#8217;#000000&#8242;][et_pb_row custom_margin=&#8217;||57px|&#8217; _builder_version=&#8217;3.10.1&#8242;][et_pb_column type=&#8217;4_4&#8242;][et_pb_text admin_label=&#8217;Row Header&#8217; _builder_version=&#8217;3.10.1&#8242; header_3_text_align=&#8217;center&#8217; header_3_text_color=&#8217;#1b538f&#8217; [&hellip;]<\/p>\n","protected":false},"author":2,"featured_media":0,"parent":769,"menu_order":0,"comment_status":"closed","ping_status":"closed","template":"","meta":{"_et_pb_use_builder":"on","_et_pb_old_content":"","_et_gb_content_width":"","footnotes":""},"class_list":["post-1343","page","type-page","status-publish","hentry"],"yoast_head":"<!-- This site is optimized with the Yoast SEO plugin v27.3 - https:\/\/yoast.com\/product\/yoast-seo-wordpress\/ -->\n<title>Rete &#8211; Prica &amp; Partners<\/title>\n<meta name=\"robots\" content=\"index, follow, max-snippet:-1, max-image-preview:large, max-video-preview:-1\" \/>\n<link rel=\"canonical\" href=\"https:\/\/pricapartners.com\/it\/chi-siamo\/rete\/\" \/>\n<meta property=\"og:locale\" content=\"it_IT\" \/>\n<meta property=\"og:type\" content=\"article\" \/>\n<meta property=\"og:title\" content=\"Rete &#8211; Prica &amp; Partners\" \/>\n<meta property=\"og:description\" content=\"[et_pb_section bb_built=&#8217;1&#8242; module_class=&#8217;header-padding&#8217; _builder_version=&#8217;3.10.1&#8242; background_image=&#8217;https:\/\/pricapartners.com\/wp-content\/uploads\/2018\/08\/bgd-about-us.jpg&#8217; custom_padding=&#8217;||155px|&#8217; next_background_color=&#8217;#ffffff&#8217;][et_pb_row _builder_version=&#8217;3.0.48&#8242; background_size=&#8217;initial&#8217; background_position=&#8217;top_left&#8217; background_repeat=&#8217;repeat&#8217;][et_pb_column type=&#8217;4_4&#8242;][et_pb_text _builder_version=&#8217;3.10.1&#8242; text_font=&#8217;|600|||||||&#8217; text_text_color=&#8217;#195da6&#8242; text_font_size=&#8217;16px&#8217; custom_margin=&#8217;||20px|&#8217;] Ready For The Challenge [\/et_pb_text][et_pb_text admin_label=&#8217;Network&#8217; _builder_version=&#8217;3.10.1&#8242; text_font=&#8217;|300|||||||&#8217; text_text_color=&#8217;#bad5f2&#8242; text_font_size=&#8217;60px&#8217;] Rete [\/et_pb_text][\/et_pb_column][\/et_pb_row][et_pb_row use_custom_width=&#8217;on&#8217; width_unit=&#8217;off&#8217; custom_width_percent=&#8217;100%&#8217; _builder_version=&#8217;3.10.1&#8242;][et_pb_column type=&#8217;4_4&#8242;][et_pb_code admin_label=&#8217;Triangle&#8217; _builder_version=&#8217;3.10.1&#8242;]&lt;div class=&#8221;divider-bottom&#8221;&gt;&lt;!&#8211; [et_pb_line_break_holder] &#8211;&gt; &lt;div class=&#8221;inside-container&#8221;&gt;&lt;\/div&gt;&lt;!&#8211; [et_pb_line_break_holder] &#8211;&gt;&lt;\/div&gt;[\/et_pb_code][\/et_pb_column][\/et_pb_row][\/et_pb_section][et_pb_section bb_built=&#8217;1&#8242; _builder_version=&#8217;3.10.1&#8242; custom_padding=&#8217;40px||70px|&#8217; prev_background_color=&#8217;#000000&#8242;][et_pb_row custom_margin=&#8217;||57px|&#8217; _builder_version=&#8217;3.10.1&#8242;][et_pb_column type=&#8217;4_4&#8242;][et_pb_text admin_label=&#8217;Row Header&#8217; _builder_version=&#8217;3.10.1&#8242; header_3_text_align=&#8217;center&#8217; header_3_text_color=&#8217;#1b538f&#8217; [&hellip;]\" \/>\n<meta property=\"og:url\" content=\"https:\/\/pricapartners.com\/it\/chi-siamo\/rete\/\" \/>\n<meta property=\"og:site_name\" content=\"Prica &amp; Partners\" \/>\n<meta property=\"article:modified_time\" content=\"2020-06-23T11:52:55+00:00\" \/>\n<meta name=\"twitter:card\" content=\"summary_large_image\" \/>\n<meta name=\"twitter:label1\" content=\"Tempo di lettura stimato\" \/>\n\t<meta name=\"twitter:data1\" content=\"4 minuti\" \/>\n<script type=\"application\/ld+json\" class=\"yoast-schema-graph\">{\"@context\":\"https:\\\/\\\/schema.org\",\"@graph\":[{\"@type\":\"WebPage\",\"@id\":\"https:\\\/\\\/pricapartners.com\\\/it\\\/chi-siamo\\\/rete\\\/\",\"url\":\"https:\\\/\\\/pricapartners.com\\\/it\\\/chi-siamo\\\/rete\\\/\",\"name\":\"Rete &#8211; Prica &amp; Partners\",\"isPartOf\":{\"@id\":\"https:\\\/\\\/pricapartners.com\\\/#website\"},\"datePublished\":\"2018-08-16T12:41:39+00:00\",\"dateModified\":\"2020-06-23T11:52:55+00:00\",\"breadcrumb\":{\"@id\":\"https:\\\/\\\/pricapartners.com\\\/it\\\/chi-siamo\\\/rete\\\/#breadcrumb\"},\"inLanguage\":\"it-IT\",\"potentialAction\":[{\"@type\":\"ReadAction\",\"target\":[\"https:\\\/\\\/pricapartners.com\\\/it\\\/chi-siamo\\\/rete\\\/\"]}]},{\"@type\":\"BreadcrumbList\",\"@id\":\"https:\\\/\\\/pricapartners.com\\\/it\\\/chi-siamo\\\/rete\\\/#breadcrumb\",\"itemListElement\":[{\"@type\":\"ListItem\",\"position\":1,\"name\":\"Home\",\"item\":\"https:\\\/\\\/pricapartners.com\\\/it\\\/\"},{\"@type\":\"ListItem\",\"position\":2,\"name\":\"Chi siamo\",\"item\":\"https:\\\/\\\/pricapartners.com\\\/it\\\/chi-siamo\\\/\"},{\"@type\":\"ListItem\",\"position\":3,\"name\":\"Rete\"}]},{\"@type\":\"WebSite\",\"@id\":\"https:\\\/\\\/pricapartners.com\\\/#website\",\"url\":\"https:\\\/\\\/pricapartners.com\\\/\",\"name\":\"Prica &amp; Partners\",\"description\":\"Attorneys at Law\",\"potentialAction\":[{\"@type\":\"SearchAction\",\"target\":{\"@type\":\"EntryPoint\",\"urlTemplate\":\"https:\\\/\\\/pricapartners.com\\\/?s={search_term_string}\"},\"query-input\":{\"@type\":\"PropertyValueSpecification\",\"valueRequired\":true,\"valueName\":\"search_term_string\"}}],\"inLanguage\":\"it-IT\"}]}<\/script>\n<!-- \/ Yoast SEO plugin. -->","yoast_head_json":{"title":"Rete &#8211; Prica &amp; Partners","robots":{"index":"index","follow":"follow","max-snippet":"max-snippet:-1","max-image-preview":"max-image-preview:large","max-video-preview":"max-video-preview:-1"},"canonical":"https:\/\/pricapartners.com\/it\/chi-siamo\/rete\/","og_locale":"it_IT","og_type":"article","og_title":"Rete &#8211; Prica &amp; Partners","og_description":"[et_pb_section bb_built=&#8217;1&#8242; module_class=&#8217;header-padding&#8217; _builder_version=&#8217;3.10.1&#8242; background_image=&#8217;https:\/\/pricapartners.com\/wp-content\/uploads\/2018\/08\/bgd-about-us.jpg&#8217; custom_padding=&#8217;||155px|&#8217; next_background_color=&#8217;#ffffff&#8217;][et_pb_row _builder_version=&#8217;3.0.48&#8242; background_size=&#8217;initial&#8217; background_position=&#8217;top_left&#8217; background_repeat=&#8217;repeat&#8217;][et_pb_column type=&#8217;4_4&#8242;][et_pb_text _builder_version=&#8217;3.10.1&#8242; text_font=&#8217;|600|||||||&#8217; text_text_color=&#8217;#195da6&#8242; text_font_size=&#8217;16px&#8217; custom_margin=&#8217;||20px|&#8217;] Ready For The Challenge [\/et_pb_text][et_pb_text admin_label=&#8217;Network&#8217; _builder_version=&#8217;3.10.1&#8242; text_font=&#8217;|300|||||||&#8217; text_text_color=&#8217;#bad5f2&#8242; text_font_size=&#8217;60px&#8217;] Rete [\/et_pb_text][\/et_pb_column][\/et_pb_row][et_pb_row use_custom_width=&#8217;on&#8217; width_unit=&#8217;off&#8217; custom_width_percent=&#8217;100%&#8217; _builder_version=&#8217;3.10.1&#8242;][et_pb_column type=&#8217;4_4&#8242;][et_pb_code admin_label=&#8217;Triangle&#8217; _builder_version=&#8217;3.10.1&#8242;]&lt;div class=&#8221;divider-bottom&#8221;&gt;&lt;!&#8211; [et_pb_line_break_holder] &#8211;&gt; &lt;div class=&#8221;inside-container&#8221;&gt;&lt;\/div&gt;&lt;!&#8211; [et_pb_line_break_holder] &#8211;&gt;&lt;\/div&gt;[\/et_pb_code][\/et_pb_column][\/et_pb_row][\/et_pb_section][et_pb_section bb_built=&#8217;1&#8242; _builder_version=&#8217;3.10.1&#8242; custom_padding=&#8217;40px||70px|&#8217; prev_background_color=&#8217;#000000&#8242;][et_pb_row custom_margin=&#8217;||57px|&#8217; _builder_version=&#8217;3.10.1&#8242;][et_pb_column type=&#8217;4_4&#8242;][et_pb_text admin_label=&#8217;Row Header&#8217; _builder_version=&#8217;3.10.1&#8242; header_3_text_align=&#8217;center&#8217; header_3_text_color=&#8217;#1b538f&#8217; [&hellip;]","og_url":"https:\/\/pricapartners.com\/it\/chi-siamo\/rete\/","og_site_name":"Prica &amp; Partners","article_modified_time":"2020-06-23T11:52:55+00:00","twitter_card":"summary_large_image","twitter_misc":{"Tempo di lettura stimato":"4 minuti"},"schema":{"@context":"https:\/\/schema.org","@graph":[{"@type":"WebPage","@id":"https:\/\/pricapartners.com\/it\/chi-siamo\/rete\/","url":"https:\/\/pricapartners.com\/it\/chi-siamo\/rete\/","name":"Rete &#8211; Prica &amp; Partners","isPartOf":{"@id":"https:\/\/pricapartners.com\/#website"},"datePublished":"2018-08-16T12:41:39+00:00","dateModified":"2020-06-23T11:52:55+00:00","breadcrumb":{"@id":"https:\/\/pricapartners.com\/it\/chi-siamo\/rete\/#breadcrumb"},"inLanguage":"it-IT","potentialAction":[{"@type":"ReadAction","target":["https:\/\/pricapartners.com\/it\/chi-siamo\/rete\/"]}]},{"@type":"BreadcrumbList","@id":"https:\/\/pricapartners.com\/it\/chi-siamo\/rete\/#breadcrumb","itemListElement":[{"@type":"ListItem","position":1,"name":"Home","item":"https:\/\/pricapartners.com\/it\/"},{"@type":"ListItem","position":2,"name":"Chi siamo","item":"https:\/\/pricapartners.com\/it\/chi-siamo\/"},{"@type":"ListItem","position":3,"name":"Rete"}]},{"@type":"WebSite","@id":"https:\/\/pricapartners.com\/#website","url":"https:\/\/pricapartners.com\/","name":"Prica &amp; Partners","description":"Attorneys at Law","potentialAction":[{"@type":"SearchAction","target":{"@type":"EntryPoint","urlTemplate":"https:\/\/pricapartners.com\/?s={search_term_string}"},"query-input":{"@type":"PropertyValueSpecification","valueRequired":true,"valueName":"search_term_string"}}],"inLanguage":"it-IT"}]}},"_links":{"self":[{"href":"https:\/\/pricapartners.com\/it\/wp-json\/wp\/v2\/pages\/1343","targetHints":{"allow":["GET"]}}],"collection":[{"href":"https:\/\/pricapartners.com\/it\/wp-json\/wp\/v2\/pages"}],"about":[{"href":"https:\/\/pricapartners.com\/it\/wp-json\/wp\/v2\/types\/page"}],"author":[{"embeddable":true,"href":"https:\/\/pricapartners.com\/it\/wp-json\/wp\/v2\/users\/2"}],"replies":[{"embeddable":true,"href":"https:\/\/pricapartners.com\/it\/wp-json\/wp\/v2\/comments?post=1343"}],"version-history":[{"count":0,"href":"https:\/\/pricapartners.com\/it\/wp-json\/wp\/v2\/pages\/1343\/revisions"}],"up":[{"embeddable":true,"href":"https:\/\/pricapartners.com\/it\/wp-json\/wp\/v2\/pages\/769"}],"wp:attachment":[{"href":"https:\/\/pricapartners.com\/it\/wp-json\/wp\/v2\/media?parent=1343"}],"curies":[{"name":"wp","href":"https:\/\/api.w.org\/{rel}","templated":true}]}}