{"id":1066,"date":"2018-09-06T17:59:31","date_gmt":"2018-09-06T15:59:31","guid":{"rendered":"https:\/\/E63429C1-82D7-4539-A2CB-37E94BBBD9DC"},"modified":"2020-05-26T15:30:34","modified_gmt":"2020-05-26T13:30:34","slug":"eventi","status":"publish","type":"page","link":"https:\/\/pricapartners.com\/it\/eventi\/","title":{"rendered":"Eventi"},"content":{"rendered":"<p>[et_pb_section bb_built=&#8217;1&#8242; _builder_version=&#8217;3.10.1&#8242; background_image=&#8217;https:\/\/pricapartners.com\/wp-content\/uploads\/2018\/08\/bgd-latest.jpg&#8217; custom_padding=&#8217;||155px|&#8217; next_background_color=&#8217;#ffffff&#8217; module_class=&#8217;header-padding&#8217;][et_pb_row _builder_version=&#8217;3.0.48&#8242; background_size=&#8217;initial&#8217; background_position=&#8217;top_left&#8217; background_repeat=&#8217;repeat&#8217;][et_pb_column type=&#8217;4_4&#8242;][et_pb_text _builder_version=&#8217;3.10.1&#8242; text_font=&#8217;|600|||||||&#8217; text_text_color=&#8217;#195da6&#8242; text_font_size=&#8217;16px&#8217; custom_margin=&#8217;||20px|&#8217;]<\/p>\n<p>We Believe In Fair Play<\/p>\n<p>[\/et_pb_text][et_pb_text admin_label=&#8217;Latest News&#8217; _builder_version=&#8217;3.10.1&#8242; text_font=&#8217;|300|||||||&#8217; text_text_color=&#8217;#bad5f2&#8242; text_font_size=&#8217;60px&#8217;]<\/p>\n<p>Eventi<\/p>\n<p>[\/et_pb_text][\/et_pb_column][\/et_pb_row][et_pb_row _builder_version=&#8217;3.10.1&#8242; use_custom_width=&#8217;on&#8217; width_unit=&#8217;off&#8217; custom_width_percent=&#8217;100%&#8217;][et_pb_column type=&#8217;4_4&#8242;][et_pb_code admin_label=&#8217;Triangle&#8217; _builder_version=&#8217;3.10.1&#8242;]&lt;div class=&#8221;divider-bottom&#8221;&gt;&lt;!&#8211; [et_pb_line_break_holder] &#8211;&gt; &lt;div class=&#8221;inside-container&#8221;&gt;&lt;\/div&gt;&lt;!&#8211; [et_pb_line_break_holder] &#8211;&gt;&lt;\/div&gt;[\/et_pb_code][\/et_pb_column][\/et_pb_row][\/et_pb_section][et_pb_section bb_built=&#8217;1&#8242; specialty=&#8217;off&#8217; prev_background_color=&#8217;#000000&#8242; _builder_version=&#8217;3.10.1&#8242; custom_padding=&#8217;0px||15px|&#8217;][et_pb_row background_position=&#8217;top_left&#8217; background_repeat=&#8217;repeat&#8217; background_size=&#8217;initial&#8217;][et_pb_column type=&#8217;4_4&#8242;][et_pb_image _builder_version=&#8217;3.10.1&#8242; src=&#8217;https:\/\/pricapartners.com\/wp-content\/uploads\/2018\/08\/ico-events.svg&#8217; align=&#8217;center&#8217; \/][et_pb_text admin_label=&#8217;Header&#8217; _builder_version=&#8217;3.10.1&#8242; text_font=&#8217;|700|||||||&#8217; text_text_color=&#8217;#1b538f&#8217; text_font_size=&#8217;25px&#8217; text_orientation=&#8217;center&#8217;]<\/p>\n<p>EVENTI<\/p>\n<p>[\/et_pb_text][et_pb_divider _builder_version=&#8217;3.10.1&#8242; color=&#8217;#448ad4&#8242; divider_weight=&#8217;3&#8242; max_width=&#8217;6%&#8217; module_alignment=&#8217;center&#8217; \/][\/et_pb_column][\/et_pb_row][et_pb_row _builder_version=&#8217;3.10.1&#8242; module_class=&#8217;latest-news&#8217;][et_pb_column type=&#8217;4_4&#8242;][et_pb_text _builder_version=&#8217;3.10.1&#8242; module_class=&#8217;latest-news-view&#8217;]<\/p>\n<div id=\"wpv-view-layout-620\" class=\"js-wpv-view-layout js-wpv-layout-responsive js-wpv-view-layout-620\" data-viewnumber=\"620\" data-pagination=\"{&quot;id&quot;:620,&quot;query&quot;:&quot;normal&quot;,&quot;type&quot;:&quot;paged&quot;,&quot;effect&quot;:&quot;fade&quot;,&quot;duration&quot;:500,&quot;speed&quot;:5,&quot;pause_on_hover&quot;:&quot;disabled&quot;,&quot;stop_rollover&quot;:&quot;false&quot;,&quot;cache_pages&quot;:&quot;enabled&quot;,&quot;preload_images&quot;:&quot;enabled&quot;,&quot;preload_pages&quot;:&quot;enabled&quot;,&quot;preload_reach&quot;:1,&quot;spinner&quot;:&quot;builtin&quot;,&quot;spinner_image&quot;:&quot;https:\/\/pricapartners.com\/wp-content\/plugins\/wp-views\/embedded\/res\/img\/ajax-loader.gif&quot;,&quot;callback_next&quot;:&quot;&quot;,&quot;manage_history&quot;:&quot;enabled&quot;,&quot;has_controls_in_form&quot;:&quot;enabled&quot;,&quot;infinite_tolerance&quot;:&quot;0&quot;,&quot;max_pages&quot;:9,&quot;page&quot;:1,&quot;base_permalink&quot;:&quot;\/it\/wp-json\/wp\/v2\/pages\/1066?wpv_view_count=620&amp;wpv_paged=WPV_PAGE_NUM&quot;,&quot;loop&quot;:{&quot;type&quot;:&quot;&quot;,&quot;name&quot;:&quot;&quot;,&quot;data&quot;:[],&quot;id&quot;:0}}\" data-permalink=\"\/it\/wp-json\/wp\/v2\/pages\/1066?wpv_view_count=620\">\n\n\t\n\t\n\t\n\t\t<div class=\"latest-wrapper\">\n<a href=\"https:\/\/pricapartners.com\/it\/latest\/prica-partners-academy-4\/\">Prica &#038; Partners Academy<\/a>\n<div class=\"latest-body\">We are pleased to announce the new training course at Prica &amp; Partners Academy \u201cINTRODUCTION TO ESG: CHALLENGES AND OPPORTUNITIES IN SUSTAINABLE BUSINESS\u201d, which will be held on Monday, 23 December 2024. P&amp;P Academy is the place where we conduct&#8230;<\/div>\n  <p>16.12.2024.<\/p>\n<\/div>\n\t\n\t\t<div class=\"latest-wrapper\">\n<a href=\"https:\/\/pricapartners.com\/it\/latest\/2333\/\">LEGAL PRO FORUM<\/a>\n<div class=\"latest-body\">We are pleased to announce that our partner, Tijana Lali\u0107, will participate as a speaker at the LEGAL PRO FORUM (Hotel &#8220;Mona Plaza&#8221;, Zlatibor, 21\u00a0October 2024) \u2013 a premier event gathering top legal services, corporate, and business experts under one&#8230;<\/div>\n  <p>17.10.2024.<\/p>\n<\/div>\n\t\n\t\t<div class=\"latest-wrapper\">\n<a href=\"https:\/\/pricapartners.com\/it\/latest\/prica-partners-participation-at-international-conference-possibility-and-limits-of-competition-law-global-trends-regional-perspectives-2024\/\">Prica &#038; Partners\u2019 Participation at International Conference &#8220;Possibility and Limits of Competition Law \u2013 Global Trends, Regional Perspectives&#8221; 2024<\/a>\n<div class=\"latest-body\">We are pleased to announce that our partner, Darija Ognjenovic, will be a speaker at the \ud835\udc08\ud835\udc27\ud835\udc2d\ud835\udc1e\ud835\udc2b\ud835\udc27\ud835\udc1a\ud835\udc2d\ud835\udc22\ud835\udc28\ud835\udc27\ud835\udc1a\ud835\udc25 \ud835\udc02\ud835\udc28\ud835\udc27\ud835\udc1f\ud835\udc1e\ud835\udc2b\ud835\udc1e\ud835\udc27\ud835\udc1c\ud835\udc1e &#8220;\ud835\udc0f\ud835\udc28\ud835\udc2c\ud835\udc2c\ud835\udc22\ud835\udc1b\ud835\udc22\ud835\udc25\ud835\udc22\ud835\udc2d\ud835\udc32 \ud835\udc1a\ud835\udc27\ud835\udc1d \ud835\udc0b\ud835\udc22\ud835\udc26\ud835\udc22\ud835\udc2d\ud835\udc2c \ud835\udc28\ud835\udc1f \ud835\udc02\ud835\udc28\ud835\udc26\ud835\udc29\ud835\udc1e\ud835\udc2d\ud835\udc22\ud835\udc2d\ud835\udc22\ud835\udc28\ud835\udc27 \ud835\udc0b\ud835\udc1a\ud835\udc30 \u2013 \ud835\udc06\ud835\udc25\ud835\udc28\ud835\udc1b\ud835\udc1a\ud835\udc25 \ud835\udc13\ud835\udc2b\ud835\udc1e\ud835\udc27\ud835\udc1d\ud835\udc2c, \ud835\udc11\ud835\udc1e\ud835\udc20\ud835\udc22\ud835\udc28\ud835\udc27\ud835\udc1a\ud835\udc25 \ud835\udc0f\ud835\udc1e\ud835\udc2b\ud835\udc2c\ud835\udc29\ud835\udc1e\ud835\udc1c\ud835\udc2d\ud835\udc22\ud835\udc2f\ud835\udc1e\ud835\udc2c,&#8221; organized by the \ud835\udc09\ud835\udc1e\ud835\udc1a\ud835\udc27 \ud835\udc0c\ud835\udc28\ud835\udc27\ud835\udc27\ud835\udc1e\ud835\udc2d \ud835\udc12\ud835\udc28\ud835\udc2e\ud835\udc2d\ud835\udc21 \ud835\udc1a\ud835\udc27\ud835\udc1d \ud835\udc04\ud835\udc1a\ud835\udc2c\ud835\udc2d \ud835\udc04\ud835\udc2e\ud835\udc2b\ud835\udc28\ud835\udc29\ud835\udc1e\ud835\udc1a\ud835\udc27 \ud835\udc02\ud835\udc28\ud835\udc26\ud835\udc29\ud835\udc1e\ud835\udc2d\ud835\udc22\ud835\udc2d\ud835\udc22\ud835\udc28\ud835\udc27 \ud835\udc0b\ud835\udc1a\ud835\udc30&#8230;<\/div>\n  <p>25.09.2024.<\/p>\n<\/div>\n\t\n\t\t<div class=\"latest-wrapper\">\n<a href=\"https:\/\/pricapartners.com\/it\/latest\/prica-partners-participation-at-legaltechtalk-conference-2024\/\">Prica &#038; Partners\u2019 Participation at LegalTechTalk conference 2024<\/a>\n<div class=\"latest-body\">Our Partner Darija Ognjenovi\u0107 and Associate Ana Krsti\u0107 Vasiljevi\u0107 attended the first two-day LegalTechTalk conference in London last week! The LegalTechTalk conference 2024 brought together legal professionals and technology experts from around the globe for a dynamic exploration of the&#8230;<\/div>\n  <p>18.06.2024.<\/p>\n<\/div>\n\t\n\t\t<div class=\"latest-wrapper\">\n<a href=\"https:\/\/pricapartners.com\/it\/latest\/career-day-at-the-faculty-of-law-union-university\/\">Career Day at The Faculty of Law (Union University)<\/a>\n<div class=\"latest-body\">The Faculty of Law at Union University in Belgrade organized Career Day on 16 May 2024, aimed at undergraduate students and recent graduates who are seeking employment. Our office was part of this event, presenting young lawyers with the challenges&#8230;<\/div>\n  <p>20.05.2024.<\/p>\n<\/div>\n\t\n\t\t<div class=\"latest-wrapper\">\n<a href=\"https:\/\/pricapartners.com\/it\/latest\/round-table-promoting-rights-of-digital-workers-in-serbia\/\">Round Table: \u201cPromoting Rights of Digital Workers in Serbia\u201d<\/a>\n<div class=\"latest-body\">On 15 March 2024, Prica &amp; Partners\u2019 Senior Associate Jelena \u017divanovi\u0107 participated in an event (organized by the Public Policy Research Center), which covered the issues related to labour legislation and specifically opportunities for the regulation of workers&#8217; rights on&#8230;<\/div>\n  <p>18.03.2024.<\/p>\n<\/div>\n\t\n\t\t<div class=\"latest-wrapper\">\n<a href=\"https:\/\/pricapartners.com\/it\/latest\/seminar-compliance-with-competition-regulations\/\">Seminar &#8220;Compliance with Competition Regulations&#8221;<\/a>\n<div class=\"latest-body\">In cooperation with Confindustria Serbia on 12 March 2024 we held a competition seminar at our offices exclusively for members of the Confindustria Serbia. Our experts in the field of competition law Darija Ognjenovi\u0107, Partner and Tijana Lali\u0107, Partner gave&#8230;<\/div>\n  <p>14.03.2024.<\/p>\n<\/div>\n\t\n\t\t<div class=\"latest-wrapper\">\n<a href=\"https:\/\/pricapartners.com\/it\/latest\/prica-partners-academy-3\/\">Prica &#038; Partners Academy<\/a>\n<div class=\"latest-body\">We are pleased to announce the new training course at Prica &amp; Partners Academy \u201cAmendments to the Law on Foreigners and the Law on Employment of Foreigners\u201d, which will be held on 17 May 2023. P&amp;P Academy is the place&#8230;<\/div>\n  <p>10.05.2023.<\/p>\n<\/div>\n\t\n\t\t<div class=\"latest-wrapper\">\n<a href=\"https:\/\/pricapartners.com\/it\/latest\/conference-data-protection-in-gaming\/\">Conference DATA PROTECTION [In Gaming]<\/a>\n<div class=\"latest-body\">Jelena \u017divanovi\u0107, our Senior Associate and an expert on data protection attended on 4 April 2023 an international conference in Belgrade dedicated to various aspects of data protection in the field of production and use of video games. The co-organizers&#8230;<\/div>\n  <p>05.04.2023.<\/p>\n<\/div>\n\t\n\t\t<div class=\"latest-wrapper\">\n<a href=\"https:\/\/pricapartners.com\/it\/latest\/prica-partners-participation-at-serbia-italy-business-science-forum\/\">Prica &#038; Partners\u2019 Participation at \u201cSerbia-Italy, Business &#038; Science Forum\u201d<\/a>\n<div class=\"latest-body\">We are pleased to announce that several representatives of our law office &#8211; Ana \u010cali\u0107 Turudija (Partner), Darija Ognjenovi\u0107 (Partner) and Jelena \u017divanovi\u0107 (Senior Associate) attended the \u201cSerbia \u2013 Italy Business and Science Forum\u201d, which was held on 21 March&#8230;<\/div>\n  <p>22.03.2023.<\/p>\n<\/div>\n\t\n\t\n\t\n\t\n<\/div>\n\n<form autocomplete=\"off\" name=\"wpv-filter-620\" action=\"\/it\/wp-json\/wp\/v2\/pages\/1066?wpv_view_count=620\" method=\"get\" class=\"wpv-filter-form js-wpv-filter-form js-wpv-filter-form-620 js-wpv-form-full\" data-viewnumber=\"620\" data-viewid=\"620\" data-viewhash=\"eyJuYW1lIjoibGF0ZXN0LWV2ZW50cyJ9\" data-viewwidgetid=\"0\" data-orderby=\"\" data-order=\"\" data-orderbyas=\"\" data-orderbysecond=\"\" data-ordersecond=\"\" data-parametric=\"{&quot;query&quot;:&quot;normal&quot;,&quot;id&quot;:620,&quot;view_id&quot;:620,&quot;widget_id&quot;:0,&quot;view_hash&quot;:&quot;620&quot;,&quot;action&quot;:&quot;\\\/it\\\/wp-json\\\/wp\\\/v2\\\/pages\\\/1066?wpv_view_count=620&quot;,&quot;sort&quot;:{&quot;orderby&quot;:&quot;&quot;,&quot;order&quot;:&quot;&quot;,&quot;orderby_as&quot;:&quot;&quot;,&quot;orderby_second&quot;:&quot;&quot;,&quot;order_second&quot;:&quot;&quot;},&quot;orderby&quot;:&quot;&quot;,&quot;order&quot;:&quot;&quot;,&quot;orderby_as&quot;:&quot;&quot;,&quot;orderby_second&quot;:&quot;&quot;,&quot;order_second&quot;:&quot;&quot;,&quot;ajax_form&quot;:&quot;&quot;,&quot;ajax_results&quot;:&quot;&quot;,&quot;effect&quot;:&quot;fade&quot;,&quot;prebefore&quot;:&quot;&quot;,&quot;before&quot;:&quot;&quot;,&quot;after&quot;:&quot;&quot;,&quot;attributes&quot;:[],&quot;environment&quot;:{&quot;current_post_id&quot;:1066,&quot;parent_post_id&quot;:1066,&quot;parent_term_id&quot;:0,&quot;parent_user_id&quot;:0,&quot;archive&quot;:{&quot;type&quot;:&quot;&quot;,&quot;name&quot;:&quot;&quot;,&quot;data&quot;:[]}},&quot;loop&quot;:{&quot;type&quot;:&quot;&quot;,&quot;name&quot;:&quot;&quot;,&quot;data&quot;:[],&quot;id&quot;:0}}\" data-attributes=\"[]\" data-environment=\"{&quot;current_post_id&quot;:1066,&quot;parent_post_id&quot;:1066,&quot;parent_term_id&quot;:0,&quot;parent_user_id&quot;:0,&quot;archive&quot;:{&quot;type&quot;:&quot;&quot;,&quot;name&quot;:&quot;&quot;,&quot;data&quot;:[]}}\"><input type=\"hidden\" class=\"js-wpv-dps-filter-data js-wpv-filter-data-for-this-form\" data-action=\"\/it\/wp-json\/wp\/v2\/pages\/1066?wpv_view_count=620\" data-page=\"1\" data-ajax=\"disable\" data-effect=\"fade\" data-maxpages=\"9\" data-ajaxprebefore=\"\" data-ajaxbefore=\"\" data-ajaxafter=\"\" \/><input class=\"wpv_view_count wpv_view_count-620\" type=\"hidden\" name=\"wpv_view_count\" value=\"620\" \/>\n\n<div class=\"view-pagination\"><a class=\"wpv-filter-next-link js-wpv-pagination-next-link page-link \"  href=\"\/it\/wp-json\/wp\/v2\/pages\/1066?wpv_view_count=620&#038;wpv_paged=2\"\n\t\t\t\t\tdata-viewnumber=\"620\" data-page=\"2\">Next<\/a><\/div>\n<\/form>\n\n<p>[\/et_pb_text][\/et_pb_column][\/et_pb_row][\/et_pb_section]<\/p>\n","protected":false},"excerpt":{"rendered":"<p>[et_pb_section bb_built=&#8217;1&#8242; _builder_version=&#8217;3.10.1&#8242; background_image=&#8217;https:\/\/pricapartners.com\/wp-content\/uploads\/2018\/08\/bgd-latest.jpg&#8217; custom_padding=&#8217;||155px|&#8217; next_background_color=&#8217;#ffffff&#8217; module_class=&#8217;header-padding&#8217;][et_pb_row _builder_version=&#8217;3.0.48&#8242; background_size=&#8217;initial&#8217; background_position=&#8217;top_left&#8217; background_repeat=&#8217;repeat&#8217;][et_pb_column type=&#8217;4_4&#8242;][et_pb_text _builder_version=&#8217;3.10.1&#8242; text_font=&#8217;|600|||||||&#8217; text_text_color=&#8217;#195da6&#8242; text_font_size=&#8217;16px&#8217; custom_margin=&#8217;||20px|&#8217;] We Believe In Fair Play [\/et_pb_text][et_pb_text admin_label=&#8217;Latest News&#8217; _builder_version=&#8217;3.10.1&#8242; text_font=&#8217;|300|||||||&#8217; text_text_color=&#8217;#bad5f2&#8242; text_font_size=&#8217;60px&#8217;] Eventi [\/et_pb_text][\/et_pb_column][\/et_pb_row][et_pb_row _builder_version=&#8217;3.10.1&#8242; use_custom_width=&#8217;on&#8217; width_unit=&#8217;off&#8217; custom_width_percent=&#8217;100%&#8217;][et_pb_column type=&#8217;4_4&#8242;][et_pb_code admin_label=&#8217;Triangle&#8217; _builder_version=&#8217;3.10.1&#8242;]&lt;div class=&#8221;divider-bottom&#8221;&gt;&lt;!&#8211; [et_pb_line_break_holder] &#8211;&gt; &lt;div class=&#8221;inside-container&#8221;&gt;&lt;\/div&gt;&lt;!&#8211; [et_pb_line_break_holder] &#8211;&gt;&lt;\/div&gt;[\/et_pb_code][\/et_pb_column][\/et_pb_row][\/et_pb_section][et_pb_section bb_built=&#8217;1&#8242; specialty=&#8217;off&#8217; prev_background_color=&#8217;#000000&#8242; _builder_version=&#8217;3.10.1&#8242; custom_padding=&#8217;0px||15px|&#8217;][et_pb_row background_position=&#8217;top_left&#8217; background_repeat=&#8217;repeat&#8217; background_size=&#8217;initial&#8217;][et_pb_column type=&#8217;4_4&#8242;][et_pb_image _builder_version=&#8217;3.10.1&#8242; [&hellip;]<\/p>\n","protected":false},"author":2,"featured_media":0,"parent":0,"menu_order":0,"comment_status":"closed","ping_status":"closed","template":"","meta":{"_et_pb_use_builder":"on","_et_pb_old_content":"","_et_gb_content_width":"","footnotes":""},"class_list":["post-1066","page","type-page","status-publish","hentry"],"yoast_head":"<!-- This site is optimized with the Yoast SEO plugin v27.3 - https:\/\/yoast.com\/product\/yoast-seo-wordpress\/ -->\n<title>Eventi &#8211; Prica &amp; Partners<\/title>\n<meta name=\"robots\" content=\"index, follow, max-snippet:-1, max-image-preview:large, max-video-preview:-1\" \/>\n<link rel=\"canonical\" href=\"https:\/\/pricapartners.com\/events\/\" \/>\n<meta property=\"og:locale\" content=\"it_IT\" \/>\n<meta property=\"og:type\" content=\"article\" \/>\n<meta property=\"og:title\" content=\"Eventi &#8211; Prica &amp; Partners\" \/>\n<meta property=\"og:description\" content=\"[et_pb_section bb_built=&#8217;1&#8242; _builder_version=&#8217;3.10.1&#8242; background_image=&#8217;https:\/\/pricapartners.com\/wp-content\/uploads\/2018\/08\/bgd-latest.jpg&#8217; custom_padding=&#8217;||155px|&#8217; next_background_color=&#8217;#ffffff&#8217; module_class=&#8217;header-padding&#8217;][et_pb_row _builder_version=&#8217;3.0.48&#8242; background_size=&#8217;initial&#8217; background_position=&#8217;top_left&#8217; background_repeat=&#8217;repeat&#8217;][et_pb_column type=&#8217;4_4&#8242;][et_pb_text _builder_version=&#8217;3.10.1&#8242; text_font=&#8217;|600|||||||&#8217; text_text_color=&#8217;#195da6&#8242; text_font_size=&#8217;16px&#8217; custom_margin=&#8217;||20px|&#8217;] We Believe In Fair Play [\/et_pb_text][et_pb_text admin_label=&#8217;Latest News&#8217; _builder_version=&#8217;3.10.1&#8242; text_font=&#8217;|300|||||||&#8217; text_text_color=&#8217;#bad5f2&#8242; text_font_size=&#8217;60px&#8217;] Eventi [\/et_pb_text][\/et_pb_column][\/et_pb_row][et_pb_row _builder_version=&#8217;3.10.1&#8242; use_custom_width=&#8217;on&#8217; width_unit=&#8217;off&#8217; custom_width_percent=&#8217;100%&#8217;][et_pb_column type=&#8217;4_4&#8242;][et_pb_code admin_label=&#8217;Triangle&#8217; _builder_version=&#8217;3.10.1&#8242;]&lt;div class=&#8221;divider-bottom&#8221;&gt;&lt;!&#8211; [et_pb_line_break_holder] &#8211;&gt; &lt;div class=&#8221;inside-container&#8221;&gt;&lt;\/div&gt;&lt;!&#8211; [et_pb_line_break_holder] &#8211;&gt;&lt;\/div&gt;[\/et_pb_code][\/et_pb_column][\/et_pb_row][\/et_pb_section][et_pb_section bb_built=&#8217;1&#8242; specialty=&#8217;off&#8217; prev_background_color=&#8217;#000000&#8242; _builder_version=&#8217;3.10.1&#8242; custom_padding=&#8217;0px||15px|&#8217;][et_pb_row background_position=&#8217;top_left&#8217; background_repeat=&#8217;repeat&#8217; background_size=&#8217;initial&#8217;][et_pb_column type=&#8217;4_4&#8242;][et_pb_image _builder_version=&#8217;3.10.1&#8242; [&hellip;]\" \/>\n<meta property=\"og:url\" content=\"https:\/\/pricapartners.com\/events\/\" \/>\n<meta property=\"og:site_name\" content=\"Prica &amp; Partners\" \/>\n<meta property=\"article:modified_time\" content=\"2020-05-26T13:30:34+00:00\" \/>\n<meta name=\"twitter:card\" content=\"summary_large_image\" \/>\n<meta name=\"twitter:label1\" content=\"Tempo di lettura stimato\" \/>\n\t<meta name=\"twitter:data1\" content=\"2 minuti\" \/>\n<script type=\"application\/ld+json\" class=\"yoast-schema-graph\">{\"@context\":\"https:\\\/\\\/schema.org\",\"@graph\":[{\"@type\":\"WebPage\",\"@id\":\"https:\\\/\\\/pricapartners.com\\\/events\\\/\",\"url\":\"https:\\\/\\\/pricapartners.com\\\/events\\\/\",\"name\":\"Eventi &#8211; Prica &amp; Partners\",\"isPartOf\":{\"@id\":\"https:\\\/\\\/pricapartners.com\\\/#website\"},\"datePublished\":\"2018-09-06T15:59:31+00:00\",\"dateModified\":\"2020-05-26T13:30:34+00:00\",\"breadcrumb\":{\"@id\":\"https:\\\/\\\/pricapartners.com\\\/events\\\/#breadcrumb\"},\"inLanguage\":\"it-IT\",\"potentialAction\":[{\"@type\":\"ReadAction\",\"target\":[\"https:\\\/\\\/pricapartners.com\\\/events\\\/\"]}]},{\"@type\":\"BreadcrumbList\",\"@id\":\"https:\\\/\\\/pricapartners.com\\\/events\\\/#breadcrumb\",\"itemListElement\":[{\"@type\":\"ListItem\",\"position\":1,\"name\":\"Home\",\"item\":\"https:\\\/\\\/pricapartners.com\\\/it\\\/\"},{\"@type\":\"ListItem\",\"position\":2,\"name\":\"Eventi\"}]},{\"@type\":\"WebSite\",\"@id\":\"https:\\\/\\\/pricapartners.com\\\/#website\",\"url\":\"https:\\\/\\\/pricapartners.com\\\/\",\"name\":\"Prica &amp; Partners\",\"description\":\"Attorneys at Law\",\"potentialAction\":[{\"@type\":\"SearchAction\",\"target\":{\"@type\":\"EntryPoint\",\"urlTemplate\":\"https:\\\/\\\/pricapartners.com\\\/?s={search_term_string}\"},\"query-input\":{\"@type\":\"PropertyValueSpecification\",\"valueRequired\":true,\"valueName\":\"search_term_string\"}}],\"inLanguage\":\"it-IT\"}]}<\/script>\n<!-- \/ Yoast SEO plugin. -->","yoast_head_json":{"title":"Eventi &#8211; Prica &amp; Partners","robots":{"index":"index","follow":"follow","max-snippet":"max-snippet:-1","max-image-preview":"max-image-preview:large","max-video-preview":"max-video-preview:-1"},"canonical":"https:\/\/pricapartners.com\/events\/","og_locale":"it_IT","og_type":"article","og_title":"Eventi &#8211; Prica &amp; Partners","og_description":"[et_pb_section bb_built=&#8217;1&#8242; _builder_version=&#8217;3.10.1&#8242; background_image=&#8217;https:\/\/pricapartners.com\/wp-content\/uploads\/2018\/08\/bgd-latest.jpg&#8217; custom_padding=&#8217;||155px|&#8217; next_background_color=&#8217;#ffffff&#8217; module_class=&#8217;header-padding&#8217;][et_pb_row _builder_version=&#8217;3.0.48&#8242; background_size=&#8217;initial&#8217; background_position=&#8217;top_left&#8217; background_repeat=&#8217;repeat&#8217;][et_pb_column type=&#8217;4_4&#8242;][et_pb_text _builder_version=&#8217;3.10.1&#8242; text_font=&#8217;|600|||||||&#8217; text_text_color=&#8217;#195da6&#8242; text_font_size=&#8217;16px&#8217; custom_margin=&#8217;||20px|&#8217;] We Believe In Fair Play [\/et_pb_text][et_pb_text admin_label=&#8217;Latest News&#8217; _builder_version=&#8217;3.10.1&#8242; text_font=&#8217;|300|||||||&#8217; text_text_color=&#8217;#bad5f2&#8242; text_font_size=&#8217;60px&#8217;] Eventi [\/et_pb_text][\/et_pb_column][\/et_pb_row][et_pb_row _builder_version=&#8217;3.10.1&#8242; use_custom_width=&#8217;on&#8217; width_unit=&#8217;off&#8217; custom_width_percent=&#8217;100%&#8217;][et_pb_column type=&#8217;4_4&#8242;][et_pb_code admin_label=&#8217;Triangle&#8217; _builder_version=&#8217;3.10.1&#8242;]&lt;div class=&#8221;divider-bottom&#8221;&gt;&lt;!&#8211; [et_pb_line_break_holder] &#8211;&gt; &lt;div class=&#8221;inside-container&#8221;&gt;&lt;\/div&gt;&lt;!&#8211; [et_pb_line_break_holder] &#8211;&gt;&lt;\/div&gt;[\/et_pb_code][\/et_pb_column][\/et_pb_row][\/et_pb_section][et_pb_section bb_built=&#8217;1&#8242; specialty=&#8217;off&#8217; prev_background_color=&#8217;#000000&#8242; _builder_version=&#8217;3.10.1&#8242; custom_padding=&#8217;0px||15px|&#8217;][et_pb_row background_position=&#8217;top_left&#8217; background_repeat=&#8217;repeat&#8217; background_size=&#8217;initial&#8217;][et_pb_column type=&#8217;4_4&#8242;][et_pb_image _builder_version=&#8217;3.10.1&#8242; [&hellip;]","og_url":"https:\/\/pricapartners.com\/events\/","og_site_name":"Prica &amp; Partners","article_modified_time":"2020-05-26T13:30:34+00:00","twitter_card":"summary_large_image","twitter_misc":{"Tempo di lettura stimato":"2 minuti"},"schema":{"@context":"https:\/\/schema.org","@graph":[{"@type":"WebPage","@id":"https:\/\/pricapartners.com\/events\/","url":"https:\/\/pricapartners.com\/events\/","name":"Eventi &#8211; Prica &amp; Partners","isPartOf":{"@id":"https:\/\/pricapartners.com\/#website"},"datePublished":"2018-09-06T15:59:31+00:00","dateModified":"2020-05-26T13:30:34+00:00","breadcrumb":{"@id":"https:\/\/pricapartners.com\/events\/#breadcrumb"},"inLanguage":"it-IT","potentialAction":[{"@type":"ReadAction","target":["https:\/\/pricapartners.com\/events\/"]}]},{"@type":"BreadcrumbList","@id":"https:\/\/pricapartners.com\/events\/#breadcrumb","itemListElement":[{"@type":"ListItem","position":1,"name":"Home","item":"https:\/\/pricapartners.com\/it\/"},{"@type":"ListItem","position":2,"name":"Eventi"}]},{"@type":"WebSite","@id":"https:\/\/pricapartners.com\/#website","url":"https:\/\/pricapartners.com\/","name":"Prica &amp; Partners","description":"Attorneys at Law","potentialAction":[{"@type":"SearchAction","target":{"@type":"EntryPoint","urlTemplate":"https:\/\/pricapartners.com\/?s={search_term_string}"},"query-input":{"@type":"PropertyValueSpecification","valueRequired":true,"valueName":"search_term_string"}}],"inLanguage":"it-IT"}]}},"_links":{"self":[{"href":"https:\/\/pricapartners.com\/it\/wp-json\/wp\/v2\/pages\/1066","targetHints":{"allow":["GET"]}}],"collection":[{"href":"https:\/\/pricapartners.com\/it\/wp-json\/wp\/v2\/pages"}],"about":[{"href":"https:\/\/pricapartners.com\/it\/wp-json\/wp\/v2\/types\/page"}],"author":[{"embeddable":true,"href":"https:\/\/pricapartners.com\/it\/wp-json\/wp\/v2\/users\/2"}],"replies":[{"embeddable":true,"href":"https:\/\/pricapartners.com\/it\/wp-json\/wp\/v2\/comments?post=1066"}],"version-history":[{"count":0,"href":"https:\/\/pricapartners.com\/it\/wp-json\/wp\/v2\/pages\/1066\/revisions"}],"wp:attachment":[{"href":"https:\/\/pricapartners.com\/it\/wp-json\/wp\/v2\/media?parent=1066"}],"curies":[{"name":"wp","href":"https:\/\/api.w.org\/{rel}","templated":true}]}}